{"id":51,"date":"2025-02-20T10:32:27","date_gmt":"2025-02-20T09:32:27","guid":{"rendered":"https:\/\/abj99.framegirona.dev\/?page_id=51"},"modified":"2025-02-24T13:55:41","modified_gmt":"2025-02-24T12:55:41","slug":"avis-legal","status":"publish","type":"page","link":"https:\/\/www.abj99.com\/it\/avis-legal\/","title":{"rendered":"Avviso legale"},"content":{"rendered":"<div data-elementor-type=\"wp-page\" data-elementor-id=\"51\" class=\"elementor elementor-51\" data-elementor-post-type=\"page\">\n\t\t\t\t<div class=\"elementor-element elementor-element-39da442 e-flex e-con-boxed e-con e-parent\" data-id=\"39da442\" data-element_type=\"container\" data-e-type=\"container\" data-settings=\"{&quot;background_background&quot;:&quot;classic&quot;}\">\n\t\t\t\t\t<div class=\"e-con-inner\">\n\t\t<div class=\"elementor-element elementor-element-25acbc3 e-flex e-con-boxed e-con e-child\" data-id=\"25acbc3\" data-element_type=\"container\" data-e-type=\"container\" data-settings=\"{&quot;background_background&quot;:&quot;classic&quot;}\">\n\t\t\t\t\t<div class=\"e-con-inner\">\n\t\t\t\t<div class=\"elementor-element elementor-element-878c753 elementor-widget elementor-widget-heading\" data-id=\"878c753\" data-element_type=\"widget\" data-e-type=\"widget\" data-widget_type=\"heading.default\">\n\t\t\t\t<div class=\"elementor-widget-container\">\n\t\t\t\t\t<h1 class=\"elementor-heading-title elementor-size-default\">Avviso legale<\/h1>\t\t\t\t<\/div>\n\t\t\t\t<\/div>\n\t\t\t\t<div class=\"elementor-element elementor-element-99ae727 elementor-widget elementor-widget-text-editor\" data-id=\"99ae727\" data-element_type=\"widget\" data-e-type=\"widget\" data-widget_type=\"text-editor.default\">\n\t\t\t\t<div class=\"elementor-widget-container\">\n\t\t\t\t\t\t\t\t\t<ol><li><b>Generale<\/b><\/li><\/ol><p>Di seguito vengono dettagliati i termini e le condizioni che regolano l'accesso e l'uso dei contenuti di questo sito web.<\/p><p>I termini e le condizioni sono di carattere generale e regolano sia l'uso del sito web che la presenza del titolare sui social media e su Internet in generale. Tuttavia, alcuni servizi o contenuti specifici potrebbero richiedere l'accettazione di questi termini e condizioni particolari da parte dell'utente per l'accesso e l'uso.<\/p><p>AMAZING BODY JEWELRY si riserva il diritto di aggiornare, modificare, limitare o ampliare questa sezione (avviso legale) per adattarla alle nuove normative o alle esigenze del settore.<\/p><p>\u00a0<\/p><ol start=\"2\"><li><b>Identificazione del titolare dello spazio web<\/b><\/li><\/ol><p>Il sito web www.abj99.com (di seguito, il sito web) appartiene a AMAZING BODY JEWELRY, SL (di seguito, AMAZING BODY JEWELRY), che ne detiene la propriet\u00e0.<br \/>Sede legale: C.\/ Bonastruc de Porta, 3 17001 Girona.<\/p><p>Telefono: 972 22 74 15 \/ 972 22 31 33<\/p><p>A\/e:\u00a0info@abj99.com<br \/>CIF: B \u2013 55156616<\/p><p>Dati di registrazione: societ\u00e0 a responsabilit\u00e0 limitata, registrata nel Registro delle Imprese di Girona, volume 102, foglio 207, scheda GI-1880.<\/p><p>\u00a0<\/p><ol start=\"3\"><li><b>Utente: Termini e condizioni di utilizzo del sito web<\/b><\/li><\/ol><p>Per utente si intende qualsiasi persona che accede, naviga o utilizza i contenuti e\/o i servizi disponibili sul sito web in qualsiasi momento. D'ora in avanti, l'utente di questo sito sar\u00e0 indicato come utente.<\/p><p>L'utente accetta i termini e le condizioni senza alcuna riserva.<\/p><p>I contenuti e i servizi offerti dalla societ\u00e0 sono soggetti a modifiche, pertanto la societ\u00e0 si riserva il diritto di modificare senza preavviso questi termini e condizioni per adattarli ai nuovi contenuti. Di conseguenza, l'utente riconosce e accetta l'obbligo di rivedere e rispettare i termini e le condizioni in vigore in ogni momento.<\/p><p>In ogni caso, si presume che l'accesso e l'uso del sito web e, di conseguenza, l'accettazione dei termini e delle condizioni, inclusa la politica sulla privacy e qualsiasi altro termine e condizione particolare che possa includere sezioni o servizi specifici del sito web, siano effettuati da persone maggiorenni di 18 anni o, nel caso di minorenni, sotto tutela, cio\u00e8 agendo sotto la supervisione adeguata del tutore o del responsabile legale.<\/p><p>\u00a0<\/p><ol start=\"4\"><li><b>Registrazione utenti\/Moduli<\/b><\/li><\/ol><p>L'accesso al sito web \u00e8 libero e gratuito. Non \u00e8 necessario registrarsi per accedere ai contenuti. Tuttavia, \u00e8 necessario che l'utente si registri per poter accedere all'area clienti. Inoltre, potrebbe essere necessario che l'utente fornisca dati personali quando desidera liberamente usufruire dei servizi offerti che li richiedono. Compilando e inviando un modulo su questo sito web, l'utente autorizza espressamente AMAZING BODY JEWELRY a raccogliere, trattare automaticamente o a mettersi in contatto, a seconda dei casi, con i dati personali richiesti in conformit\u00e0 con gli scopi e le condizioni di ciascun caso.<\/p><p>I dati forniti dall'utente in qualsiasi sezione del sito web saranno soggetti alla politica sulla privacy dell'azienda.<\/p><p>In ogni caso, quando l'utente opta per registrarsi in una delle sezioni o nei servizi offerti dal sito web, si impegna a fornire le informazioni richieste, che dovranno essere veritiere e lecite. Se AMAZING BODY JEWELRY avesse motivi sufficienti per sospettare che le informazioni fornite siano false, imprecise, incomplete, contrarie alla legge o in contrasto con la moralit\u00e0 delle persone, avr\u00e0 il diritto di annullare la registrazione, rifiutare l'accesso e l'uso, presente o futuro, del sito web o di qualsiasi altro mezzo o servizio incorporato.<\/p><p>Nel caso in cui la societ\u00e0 fornisca all'utente una password, scelta o meno dall'utente, quest'ultimo ne sar\u00e0 responsabile e si impegna a utilizzarla esclusivamente, mantenendola segreta e adottando la necessaria diligenza per custodirla e prevenire che venga conosciuta da terzi che possano usurpare la sua identit\u00e0.<\/p><p>Nel caso in cui l'utente rilevi che la sua password \u00e8 stata utilizzata in modo non autorizzato o venga a conoscenza di averla persa, si impegna a notificare immediatamente l'incidente alla societ\u00e0 tramite i link espressamente destinati a tale scopo o all'indirizzo\u00a0<a href=\"mailto:info@abj99.com\">info@abj99.com<\/a>\u00a0. In alternativa, cambier\u00e0 lui stesso la password.<\/p><p>L'utente potr\u00e0 cancellare, disattivare o annullare la sua registrazione in qualsiasi momento contattando AMAZING BODY JEWELRY.<\/p><p>In nessun caso la compagnia \u00e8 responsabile dell'uso della password da parte di terzi non autorizzati n\u00e9 della sua perdita da parte dell'utente.<\/p><p>\u00a0<\/p><ol start=\"5\"><li><b>Contenuti e servizi del sito web\u00a0<\/b><\/li><\/ol><p>L'utente riconosce e accetta qualsiasi dato relativo che AMAZING BODY JEWELRY, a titolo puramente informativo, includa nel suo sito web. Le informazioni sono state ottenute da fonti affidabili, ma nonostante siano state adottate misure ragionevoli per garantire che tali informazioni non siano errate o fuorvianti, AMAZING BODY JEWELRY non dichiara n\u00e9 garantisce che siano accurate, complete o aggiornate, e non devono essere considerate come tali.<\/p><p>Le informazioni sul sito web non costituiscono alcuna raccomandazione o consulenza, e nulla di ci\u00f2 che vi \u00e8 incluso deve essere preso come base per intraprendere azioni o prendere decisioni di alcun tipo.<\/p><p>Sul sito web possono essere inclusi informazioni o contenuti forniti da fonti diverse, anche da altri utenti del sito. AMAZING BODY JEWELRY non garantisce n\u00e9 si assume la responsabilit\u00e0 per la veridicit\u00e0, l'integrit\u00e0 e l'accuratezza delle informazioni e\/o dei contenuti, inclusi quelli nei quali siano presenti elementi diffamatori, offensivi o illeciti.<\/p><p>\u00a0<\/p><ol start=\"6\"><li><b>Obbligo di utilizzare correttamente il sito web, i suoi contenuti e servizi<\/b><\/li><\/ol><p>L'utente del sito si impegna a utilizzarlo insieme ai suoi contenuti e servizi in modo diligente, corretto e in conformit\u00e0 con questi termini e condizioni, nonch\u00e9 a rispettare e osservare in ogni momento la Legge e ogni disposizione normativa vigente e applicabile.<\/p><p>\u00c8 vietato utilizzare e accedere al sito tramite qualsiasi applicazione, programma informatico o sistema simile che possa danneggiare o ostacolare il suo normale funzionamento, inclusi la modifica, la cancellazione o il blocco dei contenuti e dei servizi offerti, o qualsiasi altro meccanismo che possa influire su di essi, specialmente quelli che potrebbero privare i terzi dell'accesso e dell'uso del sito o di qualsiasi parte di esso.<\/p><p>\u00c8 inoltre vietato svolgere attivit\u00e0 contrarie alla legge con scopi o effetti illeciti vietati o lesivi dei diritti o degli interessi di terzi.<\/p><p>\u00c8 inoltre vietato l'accesso al sito web tramite programmi o altri meccanismi informatici che, volontariamente o involontariamente, possano causare un sovraccarico delle risorse utilizzate dall'azienda per mantenere il sito accessibile al pubblico e\/o che permettano l'accesso non autorizzato alle sezioni del sito non accessibili al pubblico in generale o al sistema informatico su cui \u00e8 ospitato; in modo che possano introdurre virus o altri programmi dannosi o script che causano errori nel sistema informatico menzionato o nel funzionamento del sito web.<\/p><p>In ogni caso, l'utente si impegna a fare un uso adeguato dei contenuti e dei servizi del sito web, in particolare per quanto riguarda qualsiasi sezione in cui gli sia consentito partecipare, in cui si applicheranno anche i principi di buona fede e di rispetto per gli altri utenti, la compagnia e qualsiasi altro terzo.<\/p><p>\u00a0<\/p><ol start=\"7\"><li><b>Esclusione di garanzie e responsabilit\u00e0<\/b><\/li><\/ol><p>AMAZING BODY JEWELRY si impegna a fare tutto il possibile per mantenere il funzionamento del sito web in condizioni ottimali di utilizzo, nonch\u00e9 a evitare errori del server, di programmazione e dei contenuti e servizi offerti. Tuttavia, l'azienda non si assume alcuna responsabilit\u00e0 per eventuali errori che potrebbero sorgere o comparire e, di conseguenza, non garantisce la piena funzionalit\u00e0 n\u00e9 i contenuti e\/o i servizi offerti dal sito web.<\/p><p>Questo sito web sar\u00e0 revisionato e approvato periodicamente per garantire che funzioni correttamente 365 giorni all'anno, 24 ore al giorno. D'altra parte, non si esclude la possibilit\u00e0 che possano verificarsi determinati errori di programmazione, o che si verifichino cause di forza maggiore, catastrofi naturali, scioperi o circostanze simili che rendano impossibile l'accesso al sito web.<\/p><p>Fermo restando quanto sopra, l'azienda garantisce che, volontariamente, il sito web non incorporer\u00e0 software dannoso (malware), virus e altri script o programmi di natura dannosa, e si impegna a informare, tramite la politica sulla privacy, su tutto l'uso di applicazioni e altri programmi, script, ecc. che raccoglieranno i dati dell'utente che potrebbero essere soggetti a trattamento successivo.<\/p><p>AMAZING BODY JEWELRY non si assume alcuna responsabilit\u00e0 per qualsiasi tipo di responsabilit\u00e0 derivante dalle informazioni pubblicate su questo sito web, a condizione che tali informazioni siano state manipolate o inserite da terzi estranei.<\/p><p>Si informa inoltre l'utente che diversi contenuti e\/o servizi offerti sul sito web potrebbero essere forniti da terzi e che, pertanto, per accedervi o utilizzarli, l'utente dovr\u00e0 accettare anche i termini e le condizioni di tali terzi. In ogni caso, l'utente solleva il proprietario del sito web da qualsiasi responsabilit\u00e0 riguardante tutte le questioni relative a contenuti e\/o servizi di terzi che siano espressamente identificati come tali (ad esempio: commenti su Disqus, convalida tramite Twitter e Facebook, ecc.).<\/p><p>La compagnia pu\u00f2 citare, mostrare e fare riferimento a dichiarazioni, pubblicazioni e altre informazioni o materiali grafici o audiovisivi di terzi, e non si assume alcuna responsabilit\u00e0 per la veridicit\u00e0, l'accuratezza, l'opinione e la qualit\u00e0 di questi.<\/p><p>\u00a0<\/p><ol start=\"8\"><li><b>Propriet\u00e0 intellettuale e industriale<\/b><\/li><\/ol><p>Tutti i diritti di propriet\u00e0 industriale e intellettuale dei contenuti del sito web sono soggetti alla normativa vigente sulla propriet\u00e0 intellettuale e\/o industriale. I diritti sui contenuti appartengono a AMAZING BODY JEWELRY o, nel caso, a terzi. L'utente potr\u00e0 solo visualizzare o ottenere una copia privata dei contenuti, a condizione che tale copia sia esclusivamente per uso personale e privato, ed \u00e8 rigorosamente vietato l'uso a fini commerciali, comprese immagini e video, testi, disegni, applicazioni, programmi, codici, ecc., che appartengono a AMAZING BODY JEWELRY o che quest'ultima \u00e8 autorizzata a utilizzare dal titolare per l'uso su questo sito web.<\/p><p>Fermo restando quanto sopra, diversi contenuti o servizi del sito web possono specificare termini e condizioni d'uso che siano pi\u00f9 o meno restrittivi, i quali prevarranno rispetto al contenuto o servizio interessato da questi.<\/p><p>L'azienda autorizza unicamente a fare riferimento ai contenuti che appaiono sul sito web in altri siti o comunicazioni, a condizione che questi siti o comunicazioni mantengano il principio di buona fede e rispetto e siano pienamente conformi alla legislazione vigente e agli altri termini e condizioni, in particolare per quanto riguarda il divieto di riproduzione o dei contenuti mostrati sul sito web, per scopi diversi da quelli consentiti in questi termini e condizioni, senza l'autorizzazione esplicita e preventiva per iscritto di AMAZING BODY JEWELRY.<\/p><p>\u00a0<\/p><ol start=\"9\"><li><b>Link a siti web o contenuti di terzi<\/b><\/li><\/ol><p>Dal sito web \u00e8 possibile essere reindirizzati a contenuti di siti web di terzi. Poich\u00e9 non possiamo sempre controllare i contenuti forniti da terzi, AMAZING BODY JEWELRY non si assume alcuna responsabilit\u00e0 per tali contenuti. In ogni caso, dichiaramo che rimuoveremo immediatamente qualsiasi contenuto che possa violare la legislazione nazionale o internazionale, la morale o l'ordine pubblico, procedendo alla rimozione immediata del reindirizzamento a questi siti web, informando le autorit\u00e0 competenti del contenuto in questione.<\/p><p>Questi link hanno un carattere puramente informativo per l'utente, e quest'ultimo \u00e8 libero di seguirli secondo il proprio esclusivo criterio.<\/p><p>In nessun caso si pu\u00f2 considerare che AMAZING BODY JEWELRY esprima un'approvazione, opinione o qualsiasi altra dichiarazione in relazione a quanto si pu\u00f2 trovare nei link menzionati al di fuori dello spazio del sito web.<\/p><p>\u00a0<\/p><ol start=\"10\"><li><b>Informazioni sui cookie\u00a0<\/b><\/li><\/ol><p>Consulta la nostra\u00a0<a href=\"https:\/\/www.abj99.com\/it\/politica-de-cookies\/\">politica sui cookie<\/a>.<\/p><p>\u00a0<\/p><ol start=\"11\"><li><b>Protezione dei dati<\/b><\/li><\/ol><p>AMAZING BODY JEWELRY \u00e8 profondamente impegnata a rispettare le normative sulla protezione dei dati personali e garantisce il pieno adempimento degli obblighi previsti, nonch\u00e9 l'implementazione delle misure previste dal Regolamento Europeo sulla protezione dei dati e dalla normativa spagnola. Per ulteriori informazioni, consulta la\u00a0<a href=\"https:\/\/www.abj99.com\/it\/politica-de-privadesa\/\">Politica sulla privacy<\/a>.<\/p><p>\u00a0<\/p><ol start=\"12\"><li><b>Social media<\/b><\/li><\/ol><p>Vi informiamo che AMAZING BODY JEWELRY \u00e8 presente sui social media. Il trattamento dei dati delle persone che ci seguono sui social (e\/o che effettuano qualsiasi collegamento o azione di connessione tramite i social media) sulle nostre pagine ufficiali sar\u00e0 regolato da questa sezione, cos\u00ec come dalle condizioni d'uso, dalle politiche sulla privacy e dalle normative di accesso che appartengono alle reti applicabili in ciascun caso e precedentemente accettate dall'utente.<\/p><p>AMAZING BODY JEWELRY tratter\u00e0 i suoi dati per gestire correttamente la sua presenza sulla rete sociale, informandola su attivit\u00e0, eventi, prodotti, normative o servizi, nonch\u00e9 per qualsiasi altra finalit\u00e0 consentita dalla legge.<\/p><p>\u00c8 vietata la pubblicazione di contenuti:<\/p><ul><li>Che siano presumibilmente illeciti secondo la normativa nazionale, comunitaria o internazionale, o che comportino attivit\u00e0 presumibilmente illecite o che contraddicano i principi di buona fede.<\/li><li>Che violano i diritti fondamentali delle persone, mancano di cortesia sulla rete, infastidiscono o possono generare opinioni negative tra i nostri utenti o terzi e, in generale, qualsiasi contenuto che sia considerato inappropriato.<\/li><li>E in generale, che contraddicono i principi di legalit\u00e0, onest\u00e0, responsabilit\u00e0, protezione della dignit\u00e0 umana, protezione dei minori, protezione dell'ordine pubblico, protezione della vita privata, protezione dei consumatori e dei diritti di propriet\u00e0 intellettuale e industriale.<\/li><\/ul><p>Allo stesso modo, AMAZING BODY JEWELRY si riserva il diritto di rimuovere, senza preavviso, dal sito web o dal social network di sua propriet\u00e0, qualsiasi contenuto che ritenga inappropriato.<\/p><p>\u00a0<\/p><ol start=\"13\"><li><b>Legge applicabile e giurisdizione<\/b><\/li><\/ol><p>Qualsiasi questione relativa all'interpretazione, al rispetto e alla validit\u00e0 dei termini e delle condizioni che possa sorgere tra l'utente e AMAZING BODY JEWELRY sar\u00e0 analizzata in conformit\u00e0 con questi termini e condizioni, in primo luogo, e con la normativa catalana, in secondo luogo, e subsidiariamente con la normativa spagnola, applicabile in ogni momento.<\/p><p>In caso di conflitto tra l'utente e l'azienda derivante e\/o collegato ai termini e alle condizioni, le parti concordano espressamente di sottoporlo ai tribunali competenti della citt\u00e0 di Girona.<\/p>\t\t\t\t\t\t\t\t<\/div>\n\t\t\t\t<\/div>\n\t\t\t\t\t<\/div>\n\t\t\t\t<\/div>\n\t\t\t\t\t<\/div>\n\t\t\t\t<\/div>\n\t\t\t\t<\/div>","protected":false},"excerpt":{"rendered":"<p>Av\u00eds legal General\u200b\u200b A continuaci\u00f3 detallem els termes i les condicions que regulen l\u2019acc\u00e9s i \u00fas dels continguts d\u2019aquesta plana web. Els termes i les condicions s\u00f3n de car\u00e0cter general i regulen tant l\u2019\u00fas de la web com la pres\u00e8ncia del titular a les xarxes socials i a internet en general. No obstant aix\u00f2, algun [&hellip;]<\/p>\n","protected":false},"author":1,"featured_media":0,"parent":0,"menu_order":0,"comment_status":"closed","ping_status":"closed","template":"","meta":{"footnotes":""},"class_list":["post-51","page","type-page","status-publish","hentry"],"_links":{"self":[{"href":"https:\/\/www.abj99.com\/it\/wp-json\/wp\/v2\/pages\/51","targetHints":{"allow":["GET"]}}],"collection":[{"href":"https:\/\/www.abj99.com\/it\/wp-json\/wp\/v2\/pages"}],"about":[{"href":"https:\/\/www.abj99.com\/it\/wp-json\/wp\/v2\/types\/page"}],"author":[{"embeddable":true,"href":"https:\/\/www.abj99.com\/it\/wp-json\/wp\/v2\/users\/1"}],"replies":[{"embeddable":true,"href":"https:\/\/www.abj99.com\/it\/wp-json\/wp\/v2\/comments?post=51"}],"version-history":[{"count":4,"href":"https:\/\/www.abj99.com\/it\/wp-json\/wp\/v2\/pages\/51\/revisions"}],"predecessor-version":[{"id":500,"href":"https:\/\/www.abj99.com\/it\/wp-json\/wp\/v2\/pages\/51\/revisions\/500"}],"wp:attachment":[{"href":"https:\/\/www.abj99.com\/it\/wp-json\/wp\/v2\/media?parent=51"}],"curies":[{"name":"wp","href":"https:\/\/api.w.org\/{rel}","templated":true}]}}