{"id":36,"date":"2025-02-20T10:30:50","date_gmt":"2025-02-20T09:30:50","guid":{"rendered":"https:\/\/abj99.framegirona.dev\/?page_id=36"},"modified":"2025-03-18T13:04:08","modified_gmt":"2025-03-18T12:04:08","slug":"contacte","status":"publish","type":"page","link":"https:\/\/www.abj99.com\/it\/contacte\/","title":{"rendered":"Contatto"},"content":{"rendered":"\t\t<div data-elementor-type=\"wp-page\" data-elementor-id=\"36\" class=\"elementor elementor-36\" data-elementor-post-type=\"page\">\n\t\t\t\t<div class=\"elementor-element elementor-element-2503bb4 e-con-full e-flex e-con e-child\" data-id=\"2503bb4\" data-element_type=\"container\" data-e-type=\"container\" data-settings=\"{&quot;background_background&quot;:&quot;classic&quot;}\">\n\t\t\t\t<div class=\"elementor-element elementor-element-b4fabe5 elementor-view-default elementor-widget elementor-widget-icon\" data-id=\"b4fabe5\" data-element_type=\"widget\" data-e-type=\"widget\" data-widget_type=\"icon.default\">\n\t\t\t\t<div class=\"elementor-widget-container\">\n\t\t\t\t\t\t\t<div class=\"elementor-icon-wrapper\">\n\t\t\t<div class=\"elementor-icon\">\n\t\t\t<svg aria-hidden=\"true\" class=\"e-font-icon-svg e-fas-caret-down\" viewBox=\"0 0 320 512\" xmlns=\"http:\/\/www.w3.org\/2000\/svg\"><path d=\"M31.3 192h257.3c17.8 0 26.7 21.5 14.1 34.1L174.1 354.8c-7.8 7.8-20.5 7.8-28.3 0L17.2 226.1C4.6 213.5 13.5 192 31.3 192z\"><\/path><\/svg>\t\t\t<\/div>\n\t\t<\/div>\n\t\t\t\t\t\t<\/div>\n\t\t\t\t<\/div>\n\t\t\t\t<\/div>\n\t\t<div class=\"elementor-element elementor-element-10e3ef3 e-flex e-con-boxed e-con e-parent\" data-id=\"10e3ef3\" data-element_type=\"container\" data-e-type=\"container\" data-settings=\"{&quot;background_background&quot;:&quot;classic&quot;}\">\n\t\t\t\t\t<div class=\"e-con-inner\">\n\t\t<div class=\"elementor-element elementor-element-9841424 e-flex e-con-boxed e-con e-child\" data-id=\"9841424\" data-element_type=\"container\" data-e-type=\"container\" data-settings=\"{&quot;background_background&quot;:&quot;classic&quot;}\">\n\t\t\t\t\t<div class=\"e-con-inner\">\n\t\t\t\t<div class=\"elementor-element elementor-element-04102b1 elementor-widget elementor-widget-heading\" data-id=\"04102b1\" data-element_type=\"widget\" data-e-type=\"widget\" data-widget_type=\"heading.default\">\n\t\t\t\t<div class=\"elementor-widget-container\">\n\t\t\t\t\t<h1 class=\"elementor-heading-title elementor-size-default\">PETICI\u00d3 D\u2019INFORMACI\u00d3<\/h1>\t\t\t\t<\/div>\n\t\t\t\t<\/div>\n\t\t\t\t<div class=\"elementor-element elementor-element-b634687 elementor-widget elementor-widget-html\" data-id=\"b634687\" data-element_type=\"widget\" data-e-type=\"widget\" data-widget_type=\"html.default\">\n\t\t\t\t<div class=\"elementor-widget-container\">\n\t\t\t\t\t<script>\ndocument.addEventListener(\"DOMContentLoaded\", function() {\n    console.log(\"\ud83d\udd04 Esperando que Elementor cargue el formulario...\");\n\n    function aplicarValidacion() {\n        var formularios = document.querySelectorAll(\"form\");\n        \n        formularios.forEach(function(formulario) {\n            var campoSeguridad = formulario.querySelector(\"#form-field-pregunta_seguridad\");\n            var botonEnviar = formulario.querySelector(\"button[type='submit'], input[type='submit']\");\n\n            if (campoSeguridad && botonEnviar) {\n                console.log(\"\u2705 Formulario y campo de seguridad encontrados. Aplicando validaci\u00f3n...\");\n\n                \/\/ Desactivar bot\u00f3n al inicio\n                botonEnviar.disabled = true;\n                botonEnviar.style.opacity = \"0.5\";\n\n                \/\/ Detectar cambios en el campo de seguridad\n                campoSeguridad.addEventListener(\"input\", function() {\n                    var respuesta = campoSeguridad.value.trim();\n                    console.log(\"\u270d\ufe0f Respuesta ingresada:\", respuesta);\n\n                    if (respuesta === \"8\") { \/\/ Ajusta seg\u00fan la respuesta correcta\n                        botonEnviar.disabled = false;\n                        botonEnviar.style.opacity = \"1\";\n                        console.log(\"\u2705 Respuesta correcta, activando bot\u00f3n.\");\n                    } else {\n                        botonEnviar.disabled = true;\n                        botonEnviar.style.opacity = \"0.5\";\n                        console.log(\"\u274c Respuesta incorrecta, bot\u00f3n sigue desactivado.\");\n                    }\n                });\n            }\n        });\n\n        if (document.querySelector(\"#form-field-pregunta_seguridad\")) {\n            observer.disconnect(); \/\/ Si el campo se encuentra, detiene la observaci\u00f3n\n        } else {\n            console.log(\"\u26a0\ufe0f No se encontr\u00f3 el formulario o el campo de seguridad. Seguimos esperando...\");\n        }\n    }\n\n    \/\/ Observar cambios en el DOM y ejecutar la validaci\u00f3n cuando Elementor cargue el formulario\n    var observer = new MutationObserver(function(mutations) {\n        aplicarValidacion();\n    });\n\n    observer.observe(document.body, { childList: true, subtree: true });\n\n    \/\/ Tambi\u00e9n ejecutamos la validaci\u00f3n una vez al inicio en caso de que el formulario ya est\u00e9 cargado\n    setTimeout(aplicarValidacion, 2000);\n});\n<\/script>\t\t\t\t<\/div>\n\t\t\t\t<\/div>\n\t\t\t\t<div class=\"elementor-element elementor-element-0fe4fc7 elementor-button-align-end elementor-widget__width-initial formulario-seguro elementor-widget elementor-widget-form\" data-id=\"0fe4fc7\" data-element_type=\"widget\" data-e-type=\"widget\" id=\"formulario-seguro\" data-settings=\"{&quot;step_previous_label&quot;:&quot;Previous&quot;,&quot;button_width&quot;:&quot;100&quot;,&quot;step_type&quot;:&quot;number_text&quot;,&quot;step_icon_shape&quot;:&quot;circle&quot;}\" data-widget_type=\"form.default\">\n\t\t\t\t<div class=\"elementor-widget-container\">\n\t\t\t\t\t\t\t<form class=\"elementor-form\" method=\"post\" name=\"New Form\" aria-label=\"New Form\">\n\t\t\t<input type=\"hidden\" name=\"post_id\" value=\"36\"\/>\n\t\t\t<input type=\"hidden\" name=\"form_id\" value=\"0fe4fc7\"\/>\n\t\t\t<input type=\"hidden\" name=\"referer_title\" value=\"Contacte \u00b7 ABJ99 | Distribu\u00efdora de piercing i joieria\" \/>\n\n\t\t\t\t\t\t\t<input type=\"hidden\" name=\"queried_id\" value=\"36\"\/>\n\t\t\t\n\t\t\t<div class=\"elementor-form-fields-wrapper elementor-labels-\">\n\t\t\t\t\t\t\t\t<div class=\"elementor-field-type-html elementor-field-group elementor-column elementor-field-group-field_bd5cc05 elementor-col-50\">\n\t\t\t\t\t<h4 style=\"font-family:Oswald; font-weight: 400; color: #d39e4f; font-size:20px; letter-spacing: 2px\">DADES DE L'EMPRESA<\/h4>\t\t\t\t<\/div>\n\t\t\t\t\t\t\t\t<div class=\"elementor-field-type-html elementor-field-group elementor-column elementor-field-group-field_044775b elementor-col-50\">\n\t\t\t\t\t<h4 style=\"font-family:Oswald; font-weight: 400; color: #d39e4f; font-size:18px; letter-spacing: 2px; \">Tipus d'empresa<\/h4>\t\t\t\t<\/div>\n\t\t\t\t\t\t\t\t<div class=\"elementor-field-type-text elementor-field-group elementor-column elementor-field-group-name elementor-col-50\">\n\t\t\t\t\t\t\t\t\t\t\t\t<label for=\"form-field-name\" class=\"elementor-field-label elementor-screen-only\">\n\t\t\t\t\t\t\t\tNom empresa\t\t\t\t\t\t\t<\/label>\n\t\t\t\t\t\t\t\t\t\t\t\t\t\t<input size=\"1\" type=\"text\" name=\"form_fields[name]\" id=\"form-field-name\" class=\"elementor-field elementor-size-sm  elementor-field-textual\" placeholder=\"Nom de l&#039;empresa\">\n\t\t\t\t\t\t\t\t\t\t\t<\/div>\n\t\t\t\t\t\t\t\t<div class=\"elementor-field-type-select elementor-field-group elementor-column elementor-field-group-field_bc17f09 elementor-col-50\">\n\t\t\t\t\t\t\t\t\t\t\t\t<label for=\"form-field-field_bc17f09\" class=\"elementor-field-label elementor-screen-only\">\n\t\t\t\t\t\t\t\tSelecci\u00f3 tipus empresa\t\t\t\t\t\t\t<\/label>\n\t\t\t\t\t\t\t\t<div class=\"elementor-field elementor-select-wrapper remove-before \">\n\t\t\t<div class=\"select-caret-down-wrapper\">\n\t\t\t\t<svg aria-hidden=\"true\" class=\"e-font-icon-svg e-eicon-caret-down\" viewBox=\"0 0 571.4 571.4\" xmlns=\"http:\/\/www.w3.org\/2000\/svg\"><path d=\"M571 393Q571 407 561 418L311 668Q300 679 286 679T261 668L11 418Q0 407 0 393T11 368 36 357H536Q550 357 561 368T571 393Z\"><\/path><\/svg>\t\t\t<\/div>\n\t\t\t<select name=\"form_fields[field_bc17f09]\" id=\"form-field-field_bc17f09\" class=\"elementor-field-textual elementor-size-sm\">\n\t\t\t\t\t\t\t\t\t<option value=\"Majorista\">Majorista<\/option>\n\t\t\t\t\t\t\t\t\t<option value=\"Minorista\">Minorista<\/option>\n\t\t\t\t\t\t\t\t\t<option value=\"Estudi de piercing\">Estudi de piercing<\/option>\n\t\t\t\t\t\t\t\t\t<option value=\"eCommerce\">eCommerce<\/option>\n\t\t\t\t\t\t\t\t\t<option value=\"Altres\">Altres<\/option>\n\t\t\t\t\t\t\t<\/select>\n\t\t<\/div>\n\t\t\t\t\t\t<\/div>\n\t\t\t\t\t\t\t\t<div class=\"elementor-field-type-text elementor-field-group elementor-column elementor-field-group-field_ccbd318 elementor-col-50\">\n\t\t\t\t\t\t\t\t\t\t\t\t<label for=\"form-field-field_ccbd318\" class=\"elementor-field-label elementor-screen-only\">\n\t\t\t\t\t\t\t\tAdre\u00e7a\t\t\t\t\t\t\t<\/label>\n\t\t\t\t\t\t\t\t\t\t\t\t\t\t<input size=\"1\" type=\"text\" name=\"form_fields[field_ccbd318]\" id=\"form-field-field_ccbd318\" class=\"elementor-field elementor-size-sm  elementor-field-textual\" placeholder=\"Adre\u00e7a\">\n\t\t\t\t\t\t\t\t\t\t\t<\/div>\n\t\t\t\t\t\t\t\t<div class=\"elementor-field-type-text elementor-field-group elementor-column elementor-field-group-field_0b699db elementor-col-50\">\n\t\t\t\t\t\t\t\t\t\t\t\t<label for=\"form-field-field_0b699db\" class=\"elementor-field-label elementor-screen-only\">\n\t\t\t\t\t\t\t\tPoblaci\u00f3\t\t\t\t\t\t\t<\/label>\n\t\t\t\t\t\t\t\t\t\t\t\t\t\t<input size=\"1\" type=\"text\" name=\"form_fields[field_0b699db]\" id=\"form-field-field_0b699db\" class=\"elementor-field elementor-size-sm  elementor-field-textual\" placeholder=\"Poblaci\u00f3\">\n\t\t\t\t\t\t\t\t\t\t\t<\/div>\n\t\t\t\t\t\t\t\t<div class=\"elementor-field-type-text elementor-field-group elementor-column elementor-field-group-field_7657687 elementor-col-50\">\n\t\t\t\t\t\t\t\t\t\t\t\t<label for=\"form-field-field_7657687\" class=\"elementor-field-label elementor-screen-only\">\n\t\t\t\t\t\t\t\tCodi postal\t\t\t\t\t\t\t<\/label>\n\t\t\t\t\t\t\t\t\t\t\t\t\t\t<input size=\"1\" type=\"text\" name=\"form_fields[field_7657687]\" id=\"form-field-field_7657687\" class=\"elementor-field elementor-size-sm  elementor-field-textual\" placeholder=\"Codi postal\">\n\t\t\t\t\t\t\t\t\t\t\t<\/div>\n\t\t\t\t\t\t\t\t<div class=\"elementor-field-type-text elementor-field-group elementor-column elementor-field-group-field_fc7acd0 elementor-col-50\">\n\t\t\t\t\t\t\t\t\t\t\t\t<label for=\"form-field-field_fc7acd0\" class=\"elementor-field-label elementor-screen-only\">\n\t\t\t\t\t\t\t\tPa\u00eds\t\t\t\t\t\t\t<\/label>\n\t\t\t\t\t\t\t\t\t\t\t\t\t\t<input size=\"1\" type=\"text\" name=\"form_fields[field_fc7acd0]\" id=\"form-field-field_fc7acd0\" class=\"elementor-field elementor-size-sm  elementor-field-textual\" placeholder=\"Pa\u00eds\">\n\t\t\t\t\t\t\t\t\t\t\t<\/div>\n\t\t\t\t\t\t\t\t<div class=\"elementor-field-type-html elementor-field-group elementor-column elementor-field-group-field_49c7900 elementor-col-100\">\n\t\t\t\t\t<h4 style=\"font-family:Oswald; font-weight: 400; color: #d39e4f; font-size:20px; letter-spacing: 2px; margin-top: 30px;\">PERSONA DE CONTACTE<\/h4>\t\t\t\t<\/div>\n\t\t\t\t\t\t\t\t<div class=\"elementor-field-type-text elementor-field-group elementor-column elementor-field-group-field_f06fea9 elementor-col-100\">\n\t\t\t\t\t\t\t\t\t\t\t\t<label for=\"form-field-field_f06fea9\" class=\"elementor-field-label elementor-screen-only\">\n\t\t\t\t\t\t\t\tNom\t\t\t\t\t\t\t<\/label>\n\t\t\t\t\t\t\t\t\t\t\t\t\t\t<input size=\"1\" type=\"text\" name=\"form_fields[field_f06fea9]\" id=\"form-field-field_f06fea9\" class=\"elementor-field elementor-size-sm  elementor-field-textual\" placeholder=\"Nom\">\n\t\t\t\t\t\t\t\t\t\t\t<\/div>\n\t\t\t\t\t\t\t\t<div class=\"elementor-field-type-email elementor-field-group elementor-column elementor-field-group-field_289cc9b elementor-col-50\">\n\t\t\t\t\t\t\t\t\t\t\t\t<label for=\"form-field-field_289cc9b\" class=\"elementor-field-label elementor-screen-only\">\n\t\t\t\t\t\t\t\tMail\t\t\t\t\t\t\t<\/label>\n\t\t\t\t\t\t\t\t\t\t\t\t\t\t<input size=\"1\" type=\"email\" name=\"form_fields[field_289cc9b]\" id=\"form-field-field_289cc9b\" class=\"elementor-field elementor-size-sm  elementor-field-textual\" placeholder=\"E-mail\">\n\t\t\t\t\t\t\t\t\t\t\t<\/div>\n\t\t\t\t\t\t\t\t<div class=\"elementor-field-type-tel elementor-field-group elementor-column elementor-field-group-field_641447c elementor-col-50\">\n\t\t\t\t\t\t\t\t\t\t\t\t<label for=\"form-field-field_641447c\" class=\"elementor-field-label elementor-screen-only\">\n\t\t\t\t\t\t\t\tTel\u00e8fon\t\t\t\t\t\t\t<\/label>\n\t\t\t\t\t\t\t\t<input size=\"1\" type=\"tel\" name=\"form_fields[field_641447c]\" id=\"form-field-field_641447c\" class=\"elementor-field elementor-size-sm  elementor-field-textual\" placeholder=\"Tel\u00e8fon\" pattern=\"[0-9()#&amp;+*-=.]+\" title=\"Only numbers and phone characters (#, -, *, etc) are accepted.\">\n\n\t\t\t\t\t\t<\/div>\n\t\t\t\t\t\t\t\t<div class=\"elementor-field-type-textarea elementor-field-group elementor-column elementor-field-group-field_c65954d elementor-col-100\">\n\t\t\t\t\t\t\t\t\t\t\t\t<label for=\"form-field-field_c65954d\" class=\"elementor-field-label elementor-screen-only\">\n\t\t\t\t\t\t\t\tMissatge\t\t\t\t\t\t\t<\/label>\n\t\t\t\t\t\t<textarea class=\"elementor-field-textual elementor-field  elementor-size-sm\" name=\"form_fields[field_c65954d]\" id=\"form-field-field_c65954d\" rows=\"5\" placeholder=\"Missatge\"><\/textarea>\t\t\t\t<\/div>\n\t\t\t\t\t\t\t\t<div class=\"elementor-field-type-html elementor-field-group elementor-column elementor-field-group-field_ff4d4da elementor-col-100\">\n\t\t\t\t\t<h4 style=\"font-family:Oswald; font-weight: 400; color: #d39e4f; font-size:16px; letter-spacing: 2px; margin-top: 30px; margin-bottom: 5px;\">QU\u00c8 DESITGES QUE T'ENVIEM?<\/h4>\t\t\t\t<\/div>\n\t\t\t\t\t\t\t\t<div class=\"elementor-field-type-checkbox elementor-field-group elementor-column elementor-field-group-field_17065a2 elementor-col-100\">\n\t\t\t\t\t\t\t\t\t\t\t\t<label for=\"form-field-field_17065a2\" class=\"elementor-field-label elementor-screen-only\">\n\t\t\t\t\t\t\t\tOpcions\t\t\t\t\t\t\t<\/label>\n\t\t\t\t\t\t<div class=\"elementor-field-subgroup  elementor-subgroup-inline\"><span class=\"elementor-field-option\"><input type=\"checkbox\" value=\"&lt;span style=&quot;color:white; font-size: 14px; margin-right: 10px;&quot;&gt;Llista de preus&lt;\/span&gt;\" id=\"form-field-field_17065a2-0\" name=\"form_fields[field_17065a2][]\"> <label for=\"form-field-field_17065a2-0\"><span style=\"color:white; font-size: 14px; margin-right: 10px;\">Llista de preus<\/span><\/label><\/span><span class=\"elementor-field-option\"><input type=\"checkbox\" value=\"&lt;span style=&quot;color:white; font-size: 14px; margin-right: 10px;&quot;&gt;Cat\u00e0leg&lt;\/span&gt;\" id=\"form-field-field_17065a2-1\" name=\"form_fields[field_17065a2][]\"> <label for=\"form-field-field_17065a2-1\"><span style=\"color:white; font-size: 14px; margin-right: 10px;\">Cat\u00e0leg<\/span><\/label><\/span><span class=\"elementor-field-option\"><input type=\"checkbox\" value=\"&lt;span style=&quot;color:white; font-size: 14px; &quot;&gt;Newsletter&lt;\/span&gt;\" id=\"form-field-field_17065a2-2\" name=\"form_fields[field_17065a2][]\"> <label for=\"form-field-field_17065a2-2\"><span style=\"color:white; font-size: 14px; \">Newsletter<\/span><\/label><\/span><\/div>\t\t\t\t<\/div>\n\t\t\t\t\t\t\t\t<div class=\"elementor-field-type-html elementor-field-group elementor-column elementor-field-group-field_7744513 elementor-col-100\">\n\t\t\t\t\t<p style=\" font-weight: 400; color: white; font-size:12px; margin-top: 20px; margin-bottom:0px;\">De conformitat amb l'establert en l'article 5 de la Llei Org\u00e0nica 15\/1999, de 13 de desembre, de Protecci\u00f3 de Dades de Car\u00e0cter Personal, s'informa a les persones que emplenin aquest formulari, que les seves dades seran incorporades a un fitxer inform\u00e0tic a l'efecte de satisfer el servei sol\u00b7licitat. Mitjan\u00e7ant l'enviament d'aquest formulari, l'interessat d\u00f3na el seu consentiment al tractament automatitzat de les dades amb la finalitat indicada. L'interessat t\u00e9 els drets d'acc\u00e9s, rectificaci\u00f3, cancel\u00b7laci\u00f3 i oposici\u00f3, que podr\u00e0 exercir dirigint-se al responsable del fitxer: ABJ99 domiciliat al carrer Bonastruc de Porta, 3. 17001 Girona o a trav\u00e9s d'info@abj99.com.\n<\/p>\t\t\t\t<\/div>\n\t\t\t\t\t\t\t\t<div class=\"elementor-field-type-acceptance elementor-field-group elementor-column elementor-field-group-field_8d4d9bd elementor-col-100 elementor-field-required\">\n\t\t\t\t\t\t\t\t\t\t\t\t<label for=\"form-field-field_8d4d9bd\" class=\"elementor-field-label elementor-screen-only\">\n\t\t\t\t\t\t\t\tAcceptaci\u00f3 TL\t\t\t\t\t\t\t<\/label>\n\t\t\t\t\t\t\t\t<div class=\"elementor-field-subgroup\">\n\t\t\t<span class=\"elementor-field-option\">\n\t\t\t\t<input type=\"checkbox\" name=\"form_fields[field_8d4d9bd]\" id=\"form-field-field_8d4d9bd\" class=\"elementor-field elementor-size-sm  elementor-acceptance-field\" required=\"required\">\n\t\t\t\t<label for=\"form-field-field_8d4d9bd\"><span style=\"color:white; font-size: 14px; \">Accepto<\/span><\/label>\t\t\t<\/span>\n\t\t<\/div>\n\t\t\t\t\t\t<\/div>\n\t\t\t\t\t\t\t\t<div class=\"elementor-field-type-text elementor-field-group elementor-column elementor-field-group-pregunta_seguridad elementor-col-100 elementor-field-required\">\n\t\t\t\t\t\t\t\t\t\t\t\t<label for=\"form-field-pregunta_seguridad\" class=\"elementor-field-label elementor-screen-only\">\n\t\t\t\t\t\t\t\tpregunta_seguridad\t\t\t\t\t\t\t<\/label>\n\t\t\t\t\t\t\t\t\t\t\t\t\t\t<input size=\"1\" type=\"text\" name=\"form_fields[pregunta_seguridad]\" id=\"form-field-pregunta_seguridad\" class=\"elementor-field elementor-size-sm  elementor-field-textual\" placeholder=\"Pregunta de seguretat: quin \u00e9s el resultat de 5+3?\" required=\"required\">\n\t\t\t\t\t\t\t\t\t\t\t<\/div>\n\t\t\t\t\t\t\t\t<div class=\"elementor-field-type-recaptcha elementor-field-group elementor-column elementor-field-group-field_e160adb elementor-col-100\">\n\t\t\t\t\t<div class=\"elementor-field\" id=\"form-field-field_e160adb\"><div class=\"elementor-g-recaptcha\" data-sitekey=\"6LdHCCYUAAAAAApT7jgJq-Ylr1r43_1iRPCMtPol\" data-type=\"v2_checkbox\" data-theme=\"light\" data-size=\"normal\"><\/div><\/div>\t\t\t\t<\/div>\n\t\t\t\t\t\t\t\t<div class=\"elementor-field-type-text\">\n\t\t\t\t\t<input size=\"1\" type=\"text\" name=\"form_fields[field_f68f950]\" id=\"form-field-field_f68f950\" class=\"elementor-field elementor-size-sm \" style=\"display:none !important;\">\t\t\t\t<\/div>\n\t\t\t\t\t\t\t\t<div class=\"elementor-field-group elementor-column elementor-field-type-submit elementor-col-100 e-form__buttons\">\n\t\t\t\t\t<button class=\"elementor-button elementor-size-sm elementor-animation-grow\" type=\"submit\">\n\t\t\t\t\t\t<span class=\"elementor-button-content-wrapper\">\n\t\t\t\t\t\t\t\t\t\t\t\t\t\t\t\t\t\t\t\t\t\t<span class=\"elementor-button-text\">Enviar<\/span>\n\t\t\t\t\t\t\t\t\t\t\t\t\t<\/span>\n\t\t\t\t\t<\/button>\n\t\t\t\t<\/div>\n\t\t\t<\/div>\n\t\t<\/form>\n\t\t\t\t\t\t<\/div>\n\t\t\t\t<\/div>\n\t\t\t\t\t<\/div>\n\t\t\t\t<\/div>\n\t\t<div class=\"elementor-element elementor-element-7993158 e-con-full e-flex e-con e-child\" data-id=\"7993158\" data-element_type=\"container\" data-e-type=\"container\" data-settings=\"{&quot;background_background&quot;:&quot;classic&quot;}\">\n\t\t\t\t<div class=\"elementor-element elementor-element-727d026 elementor-widget elementor-widget-text-editor\" data-id=\"727d026\" data-element_type=\"widget\" data-e-type=\"widget\" data-widget_type=\"text-editor.default\">\n\t\t\t\t<div class=\"elementor-widget-container\">\n\t\t\t\t\t\t\t\t\t<div class=\"wpb_column vc_column_container vc_col-sm-4\"><div class=\"vc_column-inner\"><div class=\"wpb_wrapper\"><div class=\"wpb_text_column wpb_content_element \"><div class=\"wpb_wrapper\"><p>Carrer Bonastruc de Porta, 3 local\u00a0 \u00b7 \u00a017001 Girona<br \/>Tel. <a href=\"tel:972223133\">972 223 133<\/a> \u2013 M\u00f2bil <a href=\"tel:682666737\">682 666 737<\/a><br \/><a href=\"mailto:info@abj99.com\">info@abj99.com<\/a><\/p><\/div><\/div><\/div><\/div><\/div>\t\t\t\t\t\t\t\t<\/div>\n\t\t\t\t<\/div>\n\t\t\t\t<\/div>\n\t\t<div class=\"elementor-element elementor-element-2f37a7c e-con-full e-flex e-con e-child\" data-id=\"2f37a7c\" data-element_type=\"container\" data-e-type=\"container\" data-settings=\"{&quot;background_background&quot;:&quot;classic&quot;}\">\n\t\t\t\t<div class=\"elementor-element elementor-element-1f89222 elementor-widget elementor-widget-heading\" data-id=\"1f89222\" data-element_type=\"widget\" data-e-type=\"widget\" data-widget_type=\"heading.default\">\n\t\t\t\t<div class=\"elementor-widget-container\">\n\t\t\t\t\t<h2 class=\"elementor-heading-title elementor-size-default\">FER UNA COMANDA<\/h2>\t\t\t\t<\/div>\n\t\t\t\t<\/div>\n\t\t\t\t<div class=\"elementor-element elementor-element-0bb98f3 e-transform elementor-widget elementor-widget-button\" data-id=\"0bb98f3\" data-element_type=\"widget\" data-e-type=\"widget\" data-settings=\"{&quot;_transform_scale_effect_hover&quot;:{&quot;unit&quot;:&quot;px&quot;,&quot;size&quot;:1.03,&quot;sizes&quot;:[]},&quot;_transform_scale_effect_hover_tablet&quot;:{&quot;unit&quot;:&quot;px&quot;,&quot;size&quot;:&quot;&quot;,&quot;sizes&quot;:[]},&quot;_transform_scale_effect_hover_mobile&quot;:{&quot;unit&quot;:&quot;px&quot;,&quot;size&quot;:&quot;&quot;,&quot;sizes&quot;:[]}}\" data-widget_type=\"button.default\">\n\t\t\t\t<div class=\"elementor-widget-container\">\n\t\t\t\t\t\t\t\t\t<div class=\"elementor-button-wrapper\">\n\t\t\t\t\t<a class=\"elementor-button elementor-button-link elementor-size-sm\" href=\"https:\/\/www.abj99.com\/it\/fer-una-comanda\/\">\n\t\t\t\t\t\t<span class=\"elementor-button-content-wrapper\">\n\t\t\t\t\t\t\t\t\t<span class=\"elementor-button-text\">Comprar<\/span>\n\t\t\t\t\t<\/span>\n\t\t\t\t\t<\/a>\n\t\t\t\t<\/div>\n\t\t\t\t\t\t\t\t<\/div>\n\t\t\t\t<\/div>\n\t\t\t\t<div class=\"elementor-element elementor-element-bd7a0cb elementor-widget elementor-widget-text-editor\" data-id=\"bd7a0cb\" data-element_type=\"widget\" data-e-type=\"widget\" data-widget_type=\"text-editor.default\">\n\t\t\t\t<div class=\"elementor-widget-container\">\n\t\t\t\t\t\t\t\t\t<div class=\"wpb_column vc_column_container vc_col-sm-4\"><div class=\"vc_column-inner\"><div class=\"wpb_wrapper\"><div class=\"wpb_text_column wpb_content_element \"><div class=\"wpb_wrapper\"><p>Si vols fer una comanda ara mateix, a la secci\u00f3 comandes t\u2019expliquem com ho has de fer.<\/p><\/div><\/div><\/div><\/div><\/div>\t\t\t\t\t\t\t\t<\/div>\n\t\t\t\t<\/div>\n\t\t\t\t<\/div>\n\t\t\t\t\t<\/div>\n\t\t\t\t<\/div>\n\t\t\t\t<\/div>\n\t\t","protected":false},"excerpt":{"rendered":"<p>PETICI\u00d3 D\u2019INFORMACI\u00d3 Carrer Bonastruc de Porta, 3 local\u00a0 \u00b7 \u00a017001 GironaTel. 972 223 133 \u2013 M\u00f2bil 682 666 737info@abj99.com FER UNA COMANDA Comprar Si vols fer una comanda ara mateix, a la secci\u00f3 comandes t\u2019expliquem com ho has de fer.<\/p>","protected":false},"author":1,"featured_media":678,"parent":0,"menu_order":0,"comment_status":"closed","ping_status":"closed","template":"","meta":{"footnotes":""},"class_list":["post-36","page","type-page","status-publish","has-post-thumbnail","hentry"],"_links":{"self":[{"href":"https:\/\/www.abj99.com\/it\/wp-json\/wp\/v2\/pages\/36","targetHints":{"allow":["GET"]}}],"collection":[{"href":"https:\/\/www.abj99.com\/it\/wp-json\/wp\/v2\/pages"}],"about":[{"href":"https:\/\/www.abj99.com\/it\/wp-json\/wp\/v2\/types\/page"}],"author":[{"embeddable":true,"href":"https:\/\/www.abj99.com\/it\/wp-json\/wp\/v2\/users\/1"}],"replies":[{"embeddable":true,"href":"https:\/\/www.abj99.com\/it\/wp-json\/wp\/v2\/comments?post=36"}],"version-history":[{"count":107,"href":"https:\/\/www.abj99.com\/it\/wp-json\/wp\/v2\/pages\/36\/revisions"}],"predecessor-version":[{"id":804,"href":"https:\/\/www.abj99.com\/it\/wp-json\/wp\/v2\/pages\/36\/revisions\/804"}],"wp:featuredmedia":[{"embeddable":true,"href":"https:\/\/www.abj99.com\/it\/wp-json\/wp\/v2\/media\/678"}],"wp:attachment":[{"href":"https:\/\/www.abj99.com\/it\/wp-json\/wp\/v2\/media?parent=36"}],"curies":[{"name":"wp","href":"https:\/\/api.w.org\/{rel}","templated":true}]}}