{"id":53,"date":"2025-02-20T10:32:40","date_gmt":"2025-02-20T09:32:40","guid":{"rendered":"https:\/\/abj99.framegirona.dev\/?page_id=53"},"modified":"2025-02-24T13:58:43","modified_gmt":"2025-02-24T12:58:43","slug":"politica-de-privadesa","status":"publish","type":"page","link":"https:\/\/www.abj99.com\/fr\/politica-de-privadesa\/","title":{"rendered":"Politique de confidentialit\u00e9"},"content":{"rendered":"<div data-elementor-type=\"wp-page\" data-elementor-id=\"53\" class=\"elementor elementor-53\" data-elementor-post-type=\"page\">\n\t\t\t\t<div class=\"elementor-element elementor-element-9614da6 e-flex e-con-boxed e-con e-parent\" data-id=\"9614da6\" data-element_type=\"container\" data-e-type=\"container\" data-settings=\"{&quot;background_background&quot;:&quot;classic&quot;}\">\n\t\t\t\t\t<div class=\"e-con-inner\">\n\t\t<div class=\"elementor-element elementor-element-642c29a e-flex e-con-boxed e-con e-child\" data-id=\"642c29a\" data-element_type=\"container\" data-e-type=\"container\" data-settings=\"{&quot;background_background&quot;:&quot;classic&quot;}\">\n\t\t\t\t\t<div class=\"e-con-inner\">\n\t\t\t\t<div class=\"elementor-element elementor-element-16634bc elementor-widget elementor-widget-heading\" data-id=\"16634bc\" data-element_type=\"widget\" data-e-type=\"widget\" data-widget_type=\"heading.default\">\n\t\t\t\t<div class=\"elementor-widget-container\">\n\t\t\t\t\t<h1 class=\"elementor-heading-title elementor-size-default\">Politique de confidentialit\u00e9<\/h1>\t\t\t\t<\/div>\n\t\t\t\t<\/div>\n\t\t\t\t<div class=\"elementor-element elementor-element-c4f3f56 elementor-widget elementor-widget-text-editor\" data-id=\"c4f3f56\" data-element_type=\"widget\" data-e-type=\"widget\" data-widget_type=\"text-editor.default\">\n\t\t\t\t<div class=\"elementor-widget-container\">\n\t\t\t\t\t\t\t\t\t<div class=\"wpb_text_column wpb_content_element\"><div class=\"wpb_wrapper\"><p>AMAZING BODY JEWELRY a pour objectif de respecter la vie priv\u00e9e des clients et des utilisateurs de son site web, de ses r\u00e9seaux sociaux, de ses programmes et de ses traitements, ainsi que de prot\u00e9ger les donn\u00e9es personnelles qui peuvent \u00eatre fournies et\/ou transmises par tout moyen et forme de contact. Les donn\u00e9es personnelles mentionn\u00e9es, tant les donn\u00e9es personnelles que les donn\u00e9es d'acc\u00e8s, seront trait\u00e9es dans la plus grande confidentialit\u00e9.<\/p><p>Nous disposons de mesures de s\u00e9curit\u00e9 techniques et organisationnelles pour garantir la s\u00e9curit\u00e9 int\u00e9grale de vos donn\u00e9es personnelles afin d'\u00e9viter toute perte, traitement ou acc\u00e8s non autoris\u00e9, conform\u00e9ment \u00e0 la l\u00e9gislation en vigueur en mati\u00e8re de protection des donn\u00e9es.<\/p><p>Vous \u00eates le seul responsable de nous fournir des donn\u00e9es personnelles \u00e0 traiter de mani\u00e8re exacte et v\u00e9ridique. Nous ne sommes pas responsables des dommages et pr\u00e9judices pouvant r\u00e9sulter de la fourniture d'informations inexactes ou fausses.<\/p><p>Ci-dessous, nous d\u00e9taillons les informations concernant le traitement que AMAZING BODY JEWELRY effectue sur vos donn\u00e9es personnelles :<\/p><p><b>Qui est responsable du traitement?<\/b><\/p><p>Le responsable du traitement de vos donn\u00e9es personnelles est AMAZING BODY JEWELRY, SL, avec le NIF B-55156616 et le si\u00e8ge social au 3 rue Bonastruc de Porta (local) 17001 Girona. T\u00e9l. 972-22 74 15 \/ 972-22 31 33 et email de contact\u00a0<a href=\"mailto:info@abj99.com\">info@abj99.com<\/a>.<\/p><p>Inscrite au Registre du Commerce de G\u00e9rone, volume 102, Feuille GI-1880.<\/p><p><b>\u00c0 quoi utilisons-nous vos donn\u00e9es?<\/b><\/p><p>AMAZING BODY JEWELRY traitera vos donn\u00e9es personnelles afin d\u2019assurer la prestation des services professionnels demand\u00e9s ou pour toute autre finalit\u00e9, \u00e0 condition que vous nous ayez pr\u00e9alablement autoris\u00e9 express\u00e9ment. En aucun cas, les donn\u00e9es ne seront utilis\u00e9es \u00e0 des fins propres ou \u00e0 des fins diff\u00e9rentes de celles auxquelles vous avez consenti, sauf pour respecter une obligation l\u00e9gale.<\/p><p>Chez AMAZING BODY JEWELRY, nous traitons vos donn\u00e9es pour les finalit\u00e9s suivantes :<\/p><p><i>Prestation de services<\/i><i>:<\/i>\u00a0Les donn\u00e9es obtenues (en ligne ou en personne) sont utilis\u00e9es pour le d\u00e9veloppement et la prestation des services professionnels contract\u00e9s et\/ou pour r\u00e9pondre aux demandes et aux consultations.<\/p><p><i>Traitement des candidats<\/i><i>:<\/i>\u00a0Les donn\u00e9es fournies dans cette section sont utilis\u00e9es pour vous informer des diff\u00e9rentes offres d'emploi au sein de notre entreprise. Les donn\u00e9es fournies seront conserv\u00e9es jusqu'\u00e0 l'attribution du poste ou jusqu'\u00e0 ce que vous exerciez votre droit d'annulation. Par cons\u00e9quent, vous avez le droit d'acc\u00e9der \u00e0 vos donn\u00e9es personnelles, de rectifier les inexactitudes ou de demander leur suppression lorsque les donn\u00e9es ne sont plus n\u00e9cessaires. Ces donn\u00e9es ne seront pas c\u00e9d\u00e9es \u00e0 des tiers sans votre consentement pr\u00e9alable.<\/p><p><i>Gestion des services<\/i><i>:<\/i>\u00a0Les informations fournies pour la facturation des services seront conserv\u00e9es tant qu'il existe une relation commerciale ou contractuelle afin de respecter les obligations l\u00e9gales. Les donn\u00e9es ne seront partag\u00e9es que pour respecter ces obligations.<\/p><p><i>Espace client<\/i><i>:<\/i>\u00a0Notre site Web dispose d'une section \u00e0 acc\u00e8s restreint o\u00f9 les clients peuvent consulter tout type de document li\u00e9 \u00e0 nos services. Si vous vous inscrivez en tant qu'utilisateur de cette plateforme, nous devrons traiter vos donn\u00e9es pour vous identifier en tant qu'utilisateur et vous permettre d'acc\u00e9der \u00e0 ses diff\u00e9rentes fonctionnalit\u00e9s qui seront \u00e0 votre disposition en tant qu'utilisateur enregistr\u00e9. Vous pouvez annuler votre compte utilisateur \u00e0 tout moment en nous contactant.<\/p><p><i>Autres traitements<\/i><i>:<\/i>\u00a0Les donn\u00e9es personnelles fournies peuvent \u00eatre trait\u00e9es \u00e0 d'autres fins, telles que l'invitation \u00e0 des \u00e9v\u00e9nements organis\u00e9s ou auxquels AMAZING BODY JEWELRY participe, d'autres activit\u00e9s ou publications, ainsi que pour informer des nouveaut\u00e9s juridiques et des circulaires susceptibles d'int\u00e9resser ses clients. Dans ces cas, votre consentement explicite sera toujours demand\u00e9 en l'absence d'un int\u00e9r\u00eat l\u00e9gitime.<\/p><p><b>Avec qui partageons-nous vos donn\u00e9es?<\/b><\/p><p>En dehors des transferts pr\u00e9vus aux organismes, qui font partie du d\u00e9veloppement des services que nous offrons (nos services en mati\u00e8re de travail, fiscalit\u00e9, comptabilit\u00e9, commerce, droit... impliquent des transferts \u00e0 l'administration fiscale, \u00e0 la s\u00e9curit\u00e9 sociale, aux registres...), nous ne communiquerons pas vos donn\u00e9es \u00e0 des tiers sauf si nous avons votre autorisation expresse et dans les cas l\u00e9galement admissibles.<\/p><p><b>Combien de temps conserverons-nous vos donn\u00e9es ?<\/b><\/p><p>AMAZING BODY JEWELRY conservera vos donn\u00e9es personnelles pendant une p\u00e9riode de 10 ans, \u00e0 compter de la date de la fin de la relation professionnelle convenue. Cette date co\u00efncidera avec le paiement correspondant de la derni\u00e8re facture \u00e9mise par notre bureau au client pour les services professionnels fournis.<\/p><p>Nonobstant ce qui pr\u00e9c\u00e8de, la p\u00e9riode initiale de conservation des donn\u00e9es des clients pourra \u00eatre prolong\u00e9e en raison des activit\u00e9s d'inspection men\u00e9es par les autorit\u00e9s fiscales, juridiques ou toute autre autorit\u00e9 comp\u00e9tente.<\/p><p>De m\u00eame, cette p\u00e9riode pourra \u00eatre prolong\u00e9e jusqu'\u00e0 la prescription des actions de responsabilit\u00e9 contractuelle que le client et\/ou le cabinet peuvent engager r\u00e9ciproquement.<\/p><p>Les donn\u00e9es personnelles \u00e0 des fins commerciales seront conserv\u00e9es tant qu'aucune demande de suppression n'est faite. Vous pouvez retirer votre consentement au traitement \u00e0 tout moment.<\/p><p><b>Quels sont vos droits ?<\/b><\/p><p>Vous avez le droit d'obtenir une confirmation de savoir si AMAZING BODY JEWELRY traite vos donn\u00e9es personnelles. Ainsi, vous avez le droit d'obtenir une confirmation si nous traitons ou non vos donn\u00e9es personnelles et, le cas \u00e9ch\u00e9ant, d'y acc\u00e9der.<\/p><p>Ind\u00e9pendamment de la finalit\u00e9 et de la base l\u00e9gale pour lesquelles nous traitons vos donn\u00e9es, vos droits sont les suivants :<\/p><p>Droit d'acc\u00e8s aux donn\u00e9es que nous d\u00e9tenons. Nous vous rappelons que si vous \u00eates un utilisateur enregistr\u00e9 sur la plateforme, vous pourrez acc\u00e9der \u00e0 vos donn\u00e9es.<\/p><p>Droit de demander la rectification des donn\u00e9es et de modifier celles que nous d\u00e9tenons, si elles ne sont pas exactes. Nous rappelons qu'en nous fournissant vos donn\u00e9es par quelque moyen que ce soit, vous garantissez qu'elles sont vraies et exactes, et que le client s'engage \u00e0 nous notifier tout changement ou modification de celles-ci.<\/p><p>Droit de demander la suppression des donn\u00e9es. Les donn\u00e9es seront supprim\u00e9es lorsqu'elles ne seront plus utiles, sur demande ou apr\u00e8s les d\u00e9lais sp\u00e9cifi\u00e9s dans la section de conservation.<\/p><p>Droit de demander la limitation de son traitement. Dans certains cas, il peut \u00eatre demand\u00e9 que nous suspendions temporairement le traitement des donn\u00e9es. Cette demande peut \u00eatre effectu\u00e9e d\u00e8s lors qu'une des causes pr\u00e9vues par la loi est remplie.<\/p><p>Droit de s'opposer \u00e0 son traitement, ou de nous demander de ne pas traiter vos donn\u00e9es.<\/p><p>Droit \u00e0 la portabilit\u00e9 de vos donn\u00e9es, par lequel vous pouvez demander dans un format \u00e9lectronique et structur\u00e9 les donn\u00e9es figurant dans nos fichiers, afin qu'elles puissent \u00eatre transmises, dans la mesure o\u00f9 cela est techniquement possible.<\/p><p>Si vous nous avez donn\u00e9 votre consentement pour le traitement de vos donn\u00e9es \u00e0 toute fin, vous avez \u00e9galement le droit de le retirer \u00e0 tout moment.<\/p><p>De plus, dans certaines circonstances, vous pouvez demander la limitation du traitement de vos donn\u00e9es ou, pour des raisons li\u00e9es \u00e0 votre situation particuli\u00e8re, vous pouvez \u00e9galement vous opposer \u00e0 leur traitement. Dans ce cas, nous cesserons de traiter les donn\u00e9es, sauf pour des raisons l\u00e9gitimes qui pr\u00e9valent sur vos int\u00e9r\u00eats et droits ou pour la formulation, l'exercice ou la d\u00e9fense de r\u00e9clamations.<\/p><p><b>Comment exercer vos droits ?<\/b><\/p><p>Pour exercer ces droits sans aucun co\u00fbt, il vous suffit de nous envoyer un e-mail \u00e0\u00a0<a href=\"mailto:info@abj99.com\">info@abj99.com<\/a>\u00a0 ou une lettre par courrier ordinaire \u00e0 l'adresse indiqu\u00e9e dans la section \"Qui sommes-nous\". Vous devez simplement indiquer le motif et le droit que vous souhaitez exercer. Si nous estimons qu'une identification est n\u00e9cessaire, nous pourrons vous demander une copie de votre document d'identit\u00e9.<\/p><p>Dans un d\u00e9lai de 48 heures \u00e0 compter de la r\u00e9ception de la communication concernant l'exercice de l'un des droits, une r\u00e9ponse ou un accus\u00e9 de r\u00e9ception sera envoy\u00e9 et, si n\u00e9cessaire, les d\u00e9fauts de la communication seront signal\u00e9s afin qu'ils puissent \u00eatre corrig\u00e9s. AMAZING BODY JEWELRY r\u00e9pondra \u00e0 la demande du client dans un d\u00e9lai maximal de 15 jours calendaires \u00e0 compter de la r\u00e9ception correcte de la communication effectu\u00e9e, en informant le client par e-mail envoy\u00e9 \u00e0 l'adresse d\u00e9sign\u00e9e.<\/p><p><b>Quelles mesures de s\u00e9curit\u00e9 adoptons-nous ?<\/b><\/p><p>AMAZING BODY JEWELRY a r\u00e9alis\u00e9 une analyse des risques li\u00e9s au traitement et au transfert des donn\u00e9es fournies par ses clients et autres parties concern\u00e9es. \u00c0 la suite de cette analyse, nous avons mis en place des mesures de s\u00e9curit\u00e9 techniques, physiques et organisationnelles afin de pr\u00e9venir et d\u2019att\u00e9nuer les dommages pouvant \u00eatre caus\u00e9s aux donn\u00e9es personnelles contenues dans nos fichiers ainsi qu\u2019\u00e0 leurs titulaires. Nous nous engageons \u00e0 respecter strictement ces mesures et \u00e0 les tenir \u00e0 jour pour couvrir d\u2019\u00e9ventuelles modifications des risques.<\/p><p><b>Mise \u00e0 jour de la politique de confidentialit\u00e9 sur la protection des donn\u00e9es<\/b><\/p><p>AMAZING BODY JEWELRY pourra modifier la pr\u00e9sente politique de protection des donn\u00e9es en raison de changements l\u00e9gislatifs, de la doctrine jurisprudentielle ou des avis de l\u2019organisme r\u00e9gulateur qui lui sont applicables directement, indirectement ou sectoriellement.<\/p><p>En cons\u00e9quence, il est recommand\u00e9 aux utilisateurs du site web ou aux clients d'acc\u00e9der p\u00e9riodiquement \u00e0 cette politique de confidentialit\u00e9 et de la lire, sans pr\u00e9judice du fait que les modifications mentionn\u00e9es seront communiqu\u00e9es par le biais d'annonces sur le site web ou, le cas \u00e9ch\u00e9ant, par courrier \u00e9lectronique envoy\u00e9 \u00e0 l'adresse d\u00e9sign\u00e9e par le client ou la personne concern\u00e9e.<\/p><\/div><\/div>\t\t\t\t\t\t\t\t<\/div>\n\t\t\t\t<\/div>\n\t\t\t\t\t<\/div>\n\t\t\t\t<\/div>\n\t\t\t\t\t<\/div>\n\t\t\t\t<\/div>\n\t\t\t\t<\/div>","protected":false},"excerpt":{"rendered":"<p>Pol\u00edtica de privacitat AMAZING BODY JEWELRY t\u00e9 com objecte respectar la privacitat dels clients i usuaris de la seva plana web, xarxes socials, programes i tractaments aix\u00ed com protegir les dades de car\u00e0cter personal que ens puguin ser facilitades i\/o lliurades per a qualsevol mitj\u00e0 i forma de contacte. Les dades personals esmentades, tant les [&hellip;]<\/p>\n","protected":false},"author":1,"featured_media":0,"parent":0,"menu_order":0,"comment_status":"closed","ping_status":"closed","template":"","meta":{"footnotes":""},"class_list":["post-53","page","type-page","status-publish","hentry"],"_links":{"self":[{"href":"https:\/\/www.abj99.com\/fr\/wp-json\/wp\/v2\/pages\/53","targetHints":{"allow":["GET"]}}],"collection":[{"href":"https:\/\/www.abj99.com\/fr\/wp-json\/wp\/v2\/pages"}],"about":[{"href":"https:\/\/www.abj99.com\/fr\/wp-json\/wp\/v2\/types\/page"}],"author":[{"embeddable":true,"href":"https:\/\/www.abj99.com\/fr\/wp-json\/wp\/v2\/users\/1"}],"replies":[{"embeddable":true,"href":"https:\/\/www.abj99.com\/fr\/wp-json\/wp\/v2\/comments?post=53"}],"version-history":[{"count":4,"href":"https:\/\/www.abj99.com\/fr\/wp-json\/wp\/v2\/pages\/53\/revisions"}],"predecessor-version":[{"id":504,"href":"https:\/\/www.abj99.com\/fr\/wp-json\/wp\/v2\/pages\/53\/revisions\/504"}],"wp:attachment":[{"href":"https:\/\/www.abj99.com\/fr\/wp-json\/wp\/v2\/media?parent=53"}],"curies":[{"name":"wp","href":"https:\/\/api.w.org\/{rel}","templated":true}]}}