{"id":51,"date":"2025-02-20T10:32:27","date_gmt":"2025-02-20T09:32:27","guid":{"rendered":"https:\/\/abj99.framegirona.dev\/?page_id=51"},"modified":"2025-02-24T13:55:41","modified_gmt":"2025-02-24T12:55:41","slug":"avis-legal","status":"publish","type":"page","link":"https:\/\/www.abj99.com\/fr\/avis-legal\/","title":{"rendered":"Avertissement juridique"},"content":{"rendered":"<div data-elementor-type=\"wp-page\" data-elementor-id=\"51\" class=\"elementor elementor-51\" data-elementor-post-type=\"page\">\n\t\t\t\t<div class=\"elementor-element elementor-element-39da442 e-flex e-con-boxed e-con e-parent\" data-id=\"39da442\" data-element_type=\"container\" data-e-type=\"container\" data-settings=\"{&quot;background_background&quot;:&quot;classic&quot;}\">\n\t\t\t\t\t<div class=\"e-con-inner\">\n\t\t<div class=\"elementor-element elementor-element-25acbc3 e-flex e-con-boxed e-con e-child\" data-id=\"25acbc3\" data-element_type=\"container\" data-e-type=\"container\" data-settings=\"{&quot;background_background&quot;:&quot;classic&quot;}\">\n\t\t\t\t\t<div class=\"e-con-inner\">\n\t\t\t\t<div class=\"elementor-element elementor-element-878c753 elementor-widget elementor-widget-heading\" data-id=\"878c753\" data-element_type=\"widget\" data-e-type=\"widget\" data-widget_type=\"heading.default\">\n\t\t\t\t<div class=\"elementor-widget-container\">\n\t\t\t\t\t<h1 class=\"elementor-heading-title elementor-size-default\">Avertissement juridique<\/h1>\t\t\t\t<\/div>\n\t\t\t\t<\/div>\n\t\t\t\t<div class=\"elementor-element elementor-element-99ae727 elementor-widget elementor-widget-text-editor\" data-id=\"99ae727\" data-element_type=\"widget\" data-e-type=\"widget\" data-widget_type=\"text-editor.default\">\n\t\t\t\t<div class=\"elementor-widget-container\">\n\t\t\t\t\t\t\t\t\t<ol><li><b>G\u00e9n\u00e9ral<\/b><\/li><\/ol><p>Ci-dessous, d\u00e9taillons les termes et conditions r\u00e9gissant l'acc\u00e8s et l'utilisation du contenu de ce site web.<\/p><p>Les termes et conditions sont de nature g\u00e9n\u00e9rale et r\u00e9gissent \u00e0 la fois l'utilisation du site web et la pr\u00e9sence du titulaire sur les r\u00e9seaux sociaux et sur Internet en g\u00e9n\u00e9ral. Cependant, certains services ou contenus sp\u00e9cifiques peuvent n\u00e9cessiter l'acceptation de ces termes et conditions particuliers par l'utilisateur pour leur acc\u00e8s et leur utilisation.<\/p><p>AMAZING BODY JEWELRY se r\u00e9serve le droit de mettre \u00e0 jour cet espace (avertissement l\u00e9gal), de le modifier, de le limiter ou de l'\u00e9largir afin de l'adapter aux nouvelles r\u00e9glementations ou aux besoins du secteur.<\/p><p>\u00a0<\/p><ol start=\"2\"><li><b>Identification du titulaire de l'espace web<\/b><\/li><\/ol><p>Le site web www.abj99.com (ci-apr\u00e8s, le site) appartient \u00e0 AMAZING BODY JEWELRY, SL (ci-apr\u00e8s, AMAZING BODY JEWELRY), qui en est le titulaire.<br \/>Si\u00e8ge social : C.\/ Bonastruc de Porta, 3 17001 Girona.<\/p><p>T\u00e9l\u00e9phone : 972 22 74 15 \/ 972 22 31 33<\/p><p>A\/e:\u00a0info@abj99.com<br \/>CIF: B \u2013 55156616<\/p><p>D\u00e9tails d'enregistrement : soci\u00e9t\u00e9 \u00e0 responsabilit\u00e9 limit\u00e9e, inscrite au Registre du Commerce de G\u00e9rone, volume 102, feuille 207, feuille GI-1880.<\/p><p>\u00a0<\/p><ol start=\"3\"><li><b>Utilisateur : Conditions g\u00e9n\u00e9rales d'utilisation du site web<\/b><\/li><\/ol><p>On entend par utilisateur toute personne qui acc\u00e8de, navigue ou utilise les contenus et\/ou services disponibles sur le site \u00e0 tout moment. Dor\u00e9navant, l'utilisateur de ce site sera d\u00e9sign\u00e9 par utilisateur.<\/p><p>L'utilisateur accepte les termes et conditions sans aucune r\u00e9serve.<\/p><p>Les contenus et services offerts par la soci\u00e9t\u00e9 sont de nature changeante et, par cons\u00e9quent, la soci\u00e9t\u00e9 se r\u00e9serve le droit de modifier ces termes et conditions sans pr\u00e9avis pour les adapter au nouveau contenu. Par cons\u00e9quent, l'utilisateur reconna\u00eet et accepte l'obligation de revoir et de respecter les termes et conditions en vigueur \u00e0 tout moment.<\/p><p>Dans tous les cas, il est pr\u00e9sum\u00e9 que l'acc\u00e8s et l'utilisation du site Web et, par cons\u00e9quent, l'acceptation des termes et conditions, y compris la politique de confidentialit\u00e9 et tout autre terme et condition particulier qui pourrait inclure des sections ou des services sp\u00e9cifiques du site, sont effectu\u00e9s par des personnes majeures de 18 ans ou, dans le cas de mineurs, sous tutelle, c'est-\u00e0-dire agissant sous la supervision appropri\u00e9e du tuteur ou du responsable l\u00e9gal.<\/p><p>\u00a0<\/p><ol start=\"4\"><li><b>Enregistrement des utilisateurs\/Formulaires<\/b><\/li><\/ol><p>L'acc\u00e8s au site Web est libre et gratuit. Il n'est pas n\u00e9cessaire de s'inscrire pour acc\u00e9der au contenu. Cependant, il est n\u00e9cessaire que l'utilisateur s'inscrive pour acc\u00e9der \u00e0 la zone client. De plus, il peut \u00eatre n\u00e9cessaire que l'utilisateur fournisse des donn\u00e9es personnelles lorsqu'il souhaite librement utiliser les services propos\u00e9s qui les n\u00e9cessitent. En remplissant et en envoyant un formulaire sur ce site Web, l'utilisateur autorise express\u00e9ment AMAZING BODY JEWELRY \u00e0 collecter, traiter automatiquement ou \u00e0 contacter, le cas \u00e9ch\u00e9ant, les donn\u00e9es personnelles demand\u00e9es, conform\u00e9ment aux objectifs et aux conditions d\u00e9taill\u00e9es dans chaque cas.<\/p><p>Les donn\u00e9es fournies par l'utilisateur dans l'une des sections du site Web seront soumises \u00e0 la politique de confidentialit\u00e9 de l'entreprise.<\/p><p>En tout cas, lorsque l'utilisateur choisit de s'inscrire \u00e0 l'une des sections ou services offerts par le site Web, il s'engage \u00e0 fournir les informations requises, qui doivent \u00eatre v\u00e9ridiques et licites. Si AMAZING BODY JEWELRY a des raisons suffisantes de soup\u00e7onner que les informations fournies sont fausses, inexactes, incompl\u00e8tes, contraires \u00e0 la loi ou portent atteinte \u00e0 la moralit\u00e9 des individus, elle a le droit d'annuler l'inscription, de refuser l'acc\u00e8s et l'utilisation, pr\u00e9sente ou future, du site Web ou de tout autre moyen ou service int\u00e9gr\u00e9.<\/p><p>Dans le cas o\u00f9 la soci\u00e9t\u00e9 fournit \u00e0 l'utilisateur un mot de passe, choisi ou non par l'utilisateur, ce dernier en sera responsable et s'engage \u00e0 l'utiliser exclusivement, \u00e0 le garder secret et \u00e0 faire preuve de la diligence n\u00e9cessaire pour le prot\u00e9ger et \u00e9viter qu'il soit connu par des tiers pouvant usurper son identit\u00e9.<\/p><p>Dans le cas o\u00f9 l'utilisateur d\u00e9tecte un usage non autoris\u00e9 de son mot de passe ou prend conscience de l'avoir perdu, il s'engage \u00e0 notifier imm\u00e9diatement l'incident \u00e0 la soci\u00e9t\u00e9 via les liens express\u00e9ment destin\u00e9s \u00e0 cet effet ou \u00e0 l'adresse\u00a0<a href=\"mailto:info@abj99.com\">info@abj99.com<\/a>\u00a0. Ou il changera lui-m\u00eame son mot de passe.<\/p><p>L'utilisateur pourra annuler, d\u00e9sactiver ou se d\u00e9sinscrire de son enregistrement \u00e0 tout moment en contactant AMAZING BODY JEWELRY.<\/p><p>En aucun cas, la soci\u00e9t\u00e9 ne sera responsable de l'utilisation du mot de passe par des tiers non autoris\u00e9s ni de la perte de celui-ci par l'utilisateur.<\/p><p>\u00a0<\/p><ol start=\"5\"><li><b>Contenus et services du site web\u00a0<\/b><\/li><\/ol><p>L'utilisateur reconna\u00eet et accepte toutes les informations que AMAZING BODY JEWELRY, \u00e0 titre purement informatif, inclut sur son site web. Les informations ont \u00e9t\u00e9 obtenues \u00e0 partir de sources fiables, mais malgr\u00e9 les mesures raisonnables prises pour s'assurer que ces informations ne sont pas erron\u00e9es ou trompeuses, AMAZING BODY JEWELRY ne garantit ni n'affirme qu'elles sont exactes, compl\u00e8tes ou \u00e0 jour, et ne doit pas \u00eatre consid\u00e9r\u00e9e comme telle.<\/p><p>Les informations sur le site web ne constituent aucune recommandation ni conseil, et rien de ce qui y est inclus ne doit \u00eatre pris comme base pour prendre des mesures ou prendre des d\u00e9cisions de quelque nature que ce soit.<\/p><p>Le site Web peut inclure des informations ou du contenu fournis par diff\u00e9rentes sources, y compris d'autres utilisateurs du site Web. AMAZING BODY JEWELRY ne garantit pas et n'assume aucune responsabilit\u00e9 concernant la v\u00e9racit\u00e9, l'int\u00e9grit\u00e9 et l'exactitude des informations et\/ou du contenu, y compris dans les cas o\u00f9 des \u00e9l\u00e9ments diffamatoires, offensants ou ill\u00e9gaux existent.<\/p><p>\u00a0<\/p><ol start=\"6\"><li><b>Obligation d'utiliser correctement le site Web, ses contenus et ses services<\/b><\/li><\/ol><p>L'utilisateur du site s'engage \u00e0 l'utiliser ainsi que ses contenus et services de mani\u00e8re diligente, correcte et conform\u00e9ment aux pr\u00e9sentes conditions, ainsi qu'\u00e0 respecter et \u00e0 se conformer en tout temps \u00e0 la l\u00e9gislation et \u00e0 toute disposition normative en vigueur et applicable.<\/p><p>Il est interdit d'utiliser et d'acc\u00e9der au site par le biais de toute application, programme informatique ou syst\u00e8me similaire qui pourrait endommager ou entraver son fonctionnement normal, y compris l'alt\u00e9ration, la suppression ou le blocage des contenus et services propos\u00e9s, ou tout autre m\u00e9canisme qui pourrait les affecter, en particulier ceux qui pourraient priver les tiers de l'acc\u00e8s et de l'utilisation du site ou de toute partie de celui-ci.<\/p><p>Il est \u00e9galement interdit de mener des activit\u00e9s contraires \u00e0 la loi ayant des fins ou des effets illicites interdits ou pr\u00e9judiciables aux droits ou int\u00e9r\u00eats de tiers.<\/p><p>L'acc\u00e8s au site web par des programmes ou d'autres m\u00e9canismes informatiques qui, volontairement ou involontairement, pourraient entra\u00eener une surcharge des ressources utilis\u00e9es par la soci\u00e9t\u00e9 pour maintenir le site accessible au public et\/ou permettre un acc\u00e8s non autoris\u00e9 aux sections du site non accessibles au public en g\u00e9n\u00e9ral ou au syst\u00e8me informatique sur lequel il est h\u00e9berg\u00e9 est \u00e9galement interdit ; de mani\u00e8re \u00e0 ce qu'ils puissent introduire des virus ou d'autres programmes malveillants ou des scripts causant des erreurs dans le syst\u00e8me informatique mentionn\u00e9 ou dans le fonctionnement du site web.<\/p><p>En tout cas, l'utilisateur s'engage \u00e0 faire un usage appropri\u00e9 des contenus et des services du site web, en particulier en ce qui concerne toute section dans laquelle il est autoris\u00e9 \u00e0 participer, dans laquelle s'appliqueront \u00e9galement les principes de bonne foi et de respect envers les autres utilisateurs, l'entreprise et toute autre tierce partie.<\/p><p>\u00a0<\/p><ol start=\"7\"><li><b>Exclusion de garanties et de responsabilit\u00e9s<\/b><\/li><\/ol><p>AMAZING BODY JEWELRY s'engage \u00e0 faire tout son possible pour maintenir le bon fonctionnement du site web dans des conditions d'utilisation optimales, ainsi qu'\u00e0 \u00e9viter les erreurs de serveur, de programmation et de contenus\/services propos\u00e9s. Cependant, la soci\u00e9t\u00e9 ne assume aucune responsabilit\u00e9 concernant les erreurs \u00e9ventuelles qui pourraient survenir ou appara\u00eetre et, par cons\u00e9quent, ne garantit pas la pleine fonctionnalit\u00e9 ni les contenus et\/ou services propos\u00e9s par le site web.<\/p><p>Ce site web sera r\u00e9vis\u00e9 et approuv\u00e9 p\u00e9riodiquement pour garantir qu'il fonctionne correctement 365 jours par an, 24 heures sur 24. D'autre part, la possibilit\u00e9 que des erreurs de programmation se produisent ou que des causes de force majeure, des catastrophes naturelles, des gr\u00e8ves ou des circonstances similaires rendent impossible l'acc\u00e8s au site web n'est pas exclue.<\/p><p>Nonobstant ce qui pr\u00e9c\u00e8de, l'entreprise garantit que, volontairement, le site web n'int\u00e9grera pas de logiciels malveillants (malware), de virus et d'autres scripts ou programmes malveillants, et s'engage \u00e0 informer, via la politique de confidentialit\u00e9, sur l'utilisation d'applications et d'autres programmes, scripts, etc., qui collectent des donn\u00e9es de l'utilisateur susceptibles d'\u00eatre trait\u00e9es ult\u00e9rieurement.<\/p><p>AMAZING BODY JEWELRY n'est pas responsable de tout type de responsabilit\u00e9 d\u00e9coulant des informations publi\u00e9es sur ce site web, tant que ces informations ont \u00e9t\u00e9 manipul\u00e9es ou introduites par un tiers ext\u00e9rieur.<\/p><p>L'utilisateur est \u00e9galement inform\u00e9 que divers contenus et\/ou services offerts sur le site web peuvent \u00eatre fournis par des tiers et que, par cons\u00e9quent, pour y acc\u00e9der ou les utiliser, l'utilisateur devra \u00e9galement accepter leurs termes et conditions (de la part des tiers). En tout cas, l'utilisateur d\u00e9gage le propri\u00e9taire du site web de toute responsabilit\u00e9 concernant les questions li\u00e9es aux contenus et\/ou services de tiers express\u00e9ment identifi\u00e9s comme tels (par exemple : commentaires Disqus, validation via Twitter et Facebook, etc.).<\/p><p>La soci\u00e9t\u00e9 peut citer, afficher et se r\u00e9f\u00e9rer \u00e0 des d\u00e9clarations, publications et autres informations ou mat\u00e9riaux graphiques ou audiovisuels de tiers, et ne saurait \u00eatre responsable de la v\u00e9racit\u00e9, de la rigueur, de l'opinion et de la qualit\u00e9 de ceux-ci.<\/p><p>\u00a0<\/p><ol start=\"8\"><li><b>Propri\u00e9t\u00e9 intellectuelle et industrielle<\/b><\/li><\/ol><p>Tous les droits de propri\u00e9t\u00e9 industrielle et intellectuelle des contenus du site web sont soumis \u00e0 la l\u00e9gislation en vigueur sur la propri\u00e9t\u00e9 intellectuelle et\/ou industrielle. Les droits sur les contenus appartiennent \u00e0 AMAZING BODY JEWELRY ou, le cas \u00e9ch\u00e9ant, \u00e0 des tiers. L'utilisateur ne pourra visualiser ou obtenir qu'une copie priv\u00e9e des contenus, \u00e0 condition que cette copie soit exclusivement pour son usage personnel et priv\u00e9, et il est formellement interdit de l'utiliser \u00e0 des fins commerciales, y compris les images et vid\u00e9os, textes, conceptions, applications, programmes, codes, etc., qui appartiennent \u00e0 AMAZING BODY JEWELRY ou qui sont d\u00fbment autoris\u00e9s par le titulaire pour \u00eatre utilis\u00e9s sur ce site web.<\/p><p>Sans pr\u00e9judice de ce qui a \u00e9t\u00e9 mentionn\u00e9, divers contenus ou services du site web peuvent sp\u00e9cifier des termes et conditions d'utilisation plus ou moins restrictifs, qui pr\u00e9vaudront par rapport au contenu ou service concern\u00e9 par ces derniers.<\/p><p>La soci\u00e9t\u00e9 autorise uniquement la r\u00e9f\u00e9rence des contenus apparaissant sur le site web dans d'autres sites ou communications, \u00e0 condition que ces sites ou communications respectent le principe de bonne foi et de respect et qu'ils se conforment pleinement \u00e0 la l\u00e9gislation en vigueur ainsi qu'aux autres termes et conditions, notamment en ce qui concerne l'interdiction de reproduction des contenus affich\u00e9s sur le site web, \u00e0 des fins autres que celles autoris\u00e9es par ces termes et conditions, sans l'autorisation expresse et pr\u00e9alable par \u00e9crit de AMAZING BODY JEWELRY.<\/p><p>\u00a0<\/p><ol start=\"9\"><li><b>Liens vers des sites Web ou des contenus de tiers<\/b><\/li><\/ol><p>Depuis le site web, il est possible de rediriger vers des contenus de sites tiers. \u00c9tant donn\u00e9 que nous ne pouvons pas toujours contr\u00f4ler le contenu fourni par des tiers, AMAZING BODY JEWELRY ne saurait \u00eatre tenu responsable de ces contenus. En tout \u00e9tat de cause, nous d\u00e9clarons que nous proc\u00e9derons imm\u00e9diatement \u00e0 leur retrait de tout contenu pouvant contrevenir \u00e0 la l\u00e9gislation nationale ou internationale, \u00e0 la morale ou \u00e0 l'ordre public, en retirant imm\u00e9diatement le redirection vers ces sites web et en informant les autorit\u00e9s comp\u00e9tentes du contenu en question.<\/p><p>Ces liens sont uniquement \u00e0 titre informatif pour l'utilisateur, et ce dernier est libre de les suivre selon son seul jugement.<\/p><p>En aucun cas, il ne faut consid\u00e9rer que AMAZING BODY JEWELRY exprime une approbation, un avis ou toute autre manifestation concernant ce qui peut \u00eatre trouv\u00e9 dans les liens mentionn\u00e9s en dehors de l'espace du site web.<\/p><p>\u00a0<\/p><ol start=\"10\"><li><b>Informations sur les cookies\u00a0<\/b><\/li><\/ol><p>Consultez notre\u00a0<a href=\"https:\/\/www.abj99.com\/fr\/politica-de-cookies\/\">politique de cookies<\/a>.<\/p><p>\u00a0<\/p><ol start=\"11\"><li><b>Protection des donn\u00e9es<\/b><\/li><\/ol><p>AMAZING BODY JEWELRY est profond\u00e9ment engag\u00e9e \u00e0 respecter la r\u00e9glementation sur la protection des donn\u00e9es personnelles et garantit le respect int\u00e9gral des obligations d\u00e9finies, ainsi que la mise en \u0153uvre des mesures pr\u00e9vues dans le R\u00e8glement Europ\u00e9en sur la protection des donn\u00e9es et la l\u00e9gislation espagnole. Pour plus d'informations, consultez la\u00a0<a href=\"https:\/\/www.abj99.com\/fr\/politica-de-privadesa\/\">Politique de confidentialit\u00e9<\/a>.<\/p><p>\u00a0<\/p><ol start=\"12\"><li><b>R\u00e9seaux sociaux<\/b><\/li><\/ol><p>Nous vous informons qu'AMAZING BODY JEWELRY est pr\u00e9sent sur les r\u00e9seaux sociaux. Le traitement des donn\u00e9es des personnes qui deviennent abonn\u00e9s sur les r\u00e9seaux sociaux (et\/ou qui effectuent toute action de connexion via les r\u00e9seaux sociaux) de nos pages officielles sera r\u00e9gi par cette section, ainsi que par les conditions d'utilisation, les politiques de confidentialit\u00e9 et les r\u00e8glements d'acc\u00e8s des r\u00e9seaux sociaux concern\u00e9s, accept\u00e9s au pr\u00e9alable par l'utilisateur.<\/p><p>AMAZING BODY JEWELRY traitera vos donn\u00e9es dans le but de g\u00e9rer correctement votre pr\u00e9sence sur le r\u00e9seau social, en vous informant des activit\u00e9s, \u00e9v\u00e9nements, produits, r\u00e9glementations ou services, ainsi que pour toute autre fin autoris\u00e9e par la loi.<\/p><p>La publication de contenus est interdite:<\/p><ul><li>Qui sont pr\u00e9sum\u00e9s ill\u00e9gaux en vertu de la l\u00e9gislation nationale, communautaire ou internationale, ou qui m\u00e8nent des activit\u00e9s pr\u00e9sum\u00e9es ill\u00e9gales ou qui contredisent les principes de bonne foi.<\/li><li>Qui portent atteinte aux droits fondamentaux des personnes, manquent de courtoisie sur le r\u00e9seau, d\u00e9rangent ou peuvent g\u00e9n\u00e9rer des opinions n\u00e9gatives de la part de nos utilisateurs ou de tiers, et en g\u00e9n\u00e9ral, tout contenu jug\u00e9 inappropri\u00e9.<\/li><li>Et en g\u00e9n\u00e9ral, qui contredisent les principes de l\u00e9galit\u00e9, d\u2019honn\u00eatet\u00e9, de responsabilit\u00e9, de protection de la dignit\u00e9 humaine, de protection des mineurs, de protection de l\u2019ordre public, de protection de la vie priv\u00e9e, de protection des consommateurs et des droits de propri\u00e9t\u00e9 intellectuelle et industrielle.<\/li><\/ul><p>De m\u00eame, AMAZING BODY JEWELRY se r\u00e9serve le droit de retirer, sans pr\u00e9avis, du site web ou du r\u00e9seau social dont elle est propri\u00e9taire, tout contenu qu\u2019elle juge inappropri\u00e9.<\/p><p>\u00a0<\/p><ol start=\"13\"><li><b>Droit applicable et juridiction<\/b><\/li><\/ol><p>Toute question relative \u00e0 l\u2019interpr\u00e9tation, \u00e0 l\u2019ex\u00e9cution et \u00e0 la validit\u00e9 des termes et conditions qui pourrait surgir entre l\u2019utilisateur et AMAZING BODY JEWELRY sera analys\u00e9e conform\u00e9ment \u00e0 ces termes et conditions, en premier lieu, et \u00e0 la r\u00e9glementation catalane, en second lieu, et subsidiairement \u00e0 la r\u00e9glementation espagnole, applicable en tout temps.<\/p><p>En cas de conflit entre l'utilisateur et l'entreprise r\u00e9sultant et\/ou li\u00e9 aux termes et conditions, les parties conviennent express\u00e9ment de le soumettre aux tribunaux comp\u00e9tents de la ville de G\u00e9rone.<\/p>\t\t\t\t\t\t\t\t<\/div>\n\t\t\t\t<\/div>\n\t\t\t\t\t<\/div>\n\t\t\t\t<\/div>\n\t\t\t\t\t<\/div>\n\t\t\t\t<\/div>\n\t\t\t\t<\/div>","protected":false},"excerpt":{"rendered":"<p>Av\u00eds legal General\u200b\u200b A continuaci\u00f3 detallem els termes i les condicions que regulen l\u2019acc\u00e9s i \u00fas dels continguts d\u2019aquesta plana web. Els termes i les condicions s\u00f3n de car\u00e0cter general i regulen tant l\u2019\u00fas de la web com la pres\u00e8ncia del titular a les xarxes socials i a internet en general. No obstant aix\u00f2, algun [&hellip;]<\/p>\n","protected":false},"author":1,"featured_media":0,"parent":0,"menu_order":0,"comment_status":"closed","ping_status":"closed","template":"","meta":{"footnotes":""},"class_list":["post-51","page","type-page","status-publish","hentry"],"_links":{"self":[{"href":"https:\/\/www.abj99.com\/fr\/wp-json\/wp\/v2\/pages\/51","targetHints":{"allow":["GET"]}}],"collection":[{"href":"https:\/\/www.abj99.com\/fr\/wp-json\/wp\/v2\/pages"}],"about":[{"href":"https:\/\/www.abj99.com\/fr\/wp-json\/wp\/v2\/types\/page"}],"author":[{"embeddable":true,"href":"https:\/\/www.abj99.com\/fr\/wp-json\/wp\/v2\/users\/1"}],"replies":[{"embeddable":true,"href":"https:\/\/www.abj99.com\/fr\/wp-json\/wp\/v2\/comments?post=51"}],"version-history":[{"count":4,"href":"https:\/\/www.abj99.com\/fr\/wp-json\/wp\/v2\/pages\/51\/revisions"}],"predecessor-version":[{"id":500,"href":"https:\/\/www.abj99.com\/fr\/wp-json\/wp\/v2\/pages\/51\/revisions\/500"}],"wp:attachment":[{"href":"https:\/\/www.abj99.com\/fr\/wp-json\/wp\/v2\/media?parent=51"}],"curies":[{"name":"wp","href":"https:\/\/api.w.org\/{rel}","templated":true}]}}