{"id":45,"date":"2025-02-20T10:31:52","date_gmt":"2025-02-20T09:31:52","guid":{"rendered":"https:\/\/abj99.framegirona.dev\/?page_id=45"},"modified":"2025-03-25T13:22:03","modified_gmt":"2025-03-25T12:22:03","slug":"fer-una-comanda","status":"publish","type":"page","link":"https:\/\/www.abj99.com\/fr\/fer-una-comanda\/","title":{"rendered":"Passer une commande"},"content":{"rendered":"<div data-elementor-type=\"wp-page\" data-elementor-id=\"45\" class=\"elementor elementor-45\" data-elementor-post-type=\"page\">\n\t\t\t\t<div class=\"elementor-element elementor-element-34d814a e-con-full e-flex e-con e-child\" data-id=\"34d814a\" data-element_type=\"container\" data-e-type=\"container\" data-settings=\"{&quot;background_background&quot;:&quot;classic&quot;}\">\n\t\t\t\t<div class=\"elementor-element elementor-element-04f841c elementor-view-default elementor-widget elementor-widget-icon\" data-id=\"04f841c\" data-element_type=\"widget\" data-e-type=\"widget\" data-widget_type=\"icon.default\">\n\t\t\t\t<div class=\"elementor-widget-container\">\n\t\t\t\t\t\t\t<div class=\"elementor-icon-wrapper\">\n\t\t\t<div class=\"elementor-icon\">\n\t\t\t<svg aria-hidden=\"true\" class=\"e-font-icon-svg e-fas-caret-down\" viewbox=\"0 0 320 512\" xmlns=\"http:\/\/www.w3.org\/2000\/svg\"><path d=\"M31.3 192h257.3c17.8 0 26.7 21.5 14.1 34.1L174.1 354.8c-7.8 7.8-20.5 7.8-28.3 0L17.2 226.1C4.6 213.5 13.5 192 31.3 192z\"><\/path><\/svg>\t\t\t<\/div>\n\t\t<\/div>\n\t\t\t\t\t\t<\/div>\n\t\t\t\t<\/div>\n\t\t\t\t<\/div>\n\t\t<div class=\"elementor-element elementor-element-b700552 e-flex e-con-boxed e-con e-parent\" data-id=\"b700552\" data-element_type=\"container\" data-e-type=\"container\" data-settings=\"{&quot;background_background&quot;:&quot;classic&quot;}\">\n\t\t\t\t\t<div class=\"e-con-inner\">\n\t\t<div class=\"elementor-element elementor-element-6b6dbde e-flex e-con-boxed e-con e-child\" data-id=\"6b6dbde\" data-element_type=\"container\" data-e-type=\"container\" data-settings=\"{&quot;background_background&quot;:&quot;classic&quot;}\">\n\t\t\t\t\t<div class=\"e-con-inner\">\n\t\t\t\t<div class=\"elementor-element elementor-element-d4776a1 elementor-widget elementor-widget-heading\" data-id=\"d4776a1\" data-element_type=\"widget\" data-e-type=\"widget\" data-widget_type=\"heading.default\">\n\t\t\t\t<div class=\"elementor-widget-container\">\n\t\t\t\t\t<h1 class=\"elementor-heading-title elementor-size-default\">INFORMATIONS G\u00c9N\u00c9RALES<\/h1>\t\t\t\t<\/div>\n\t\t\t\t<\/div>\n\t\t<div class=\"elementor-element elementor-element-6f69aeb e-con-full e-flex e-con e-child\" data-id=\"6f69aeb\" data-element_type=\"container\" data-e-type=\"container\">\n\t\t\t\t<div class=\"elementor-element elementor-element-cf5217a elementor-widget elementor-widget-text-editor\" data-id=\"cf5217a\" data-element_type=\"widget\" data-e-type=\"widget\" data-widget_type=\"text-editor.default\">\n\t\t\t\t<div class=\"elementor-widget-container\">\n\t\t\t\t\t\t\t\t\t<p>Vous pouvez demander notre liste de prix en utilisant notre formulaire de contact. En attendant de la recevoir, vous pouvez commencer \u00e0 consulter notre large gamme de produits.<\/p><p>N'oubliez pas de sp\u00e9cifier les couleurs et les tailles dont vous avez besoin. Si elles ne sont pas mentionn\u00e9es, nous pr\u00e9parerons les meilleures couleurs et les tailles les plus vendues. De pr\u00e9f\u00e9rence, envoyez-nous un e-mail ou un fax avec votre commande. Vous recevrez la pro-forma et, apr\u00e8s avoir convenu des conditions de paiement, nous commencerons \u00e0 pr\u00e9parer votre commande.<\/p><div class=\"wpb_column vc_column_container vc_col-sm-4\"><div class=\"vc_column-inner\"><div class=\"wpb_wrapper\"><div class=\"wpb_text_column wpb_content_element\"><div class=\"wpb_wrapper\"><p>Un d\u00e9p\u00f4t sera n\u00e9cessaire pour les nouveaux clients.<\/p><p>Une fois le paiement effectu\u00e9 pour votre commande, veuillez nous envoyer un e-mail ou un fax avec la copie du paiement pour acc\u00e9l\u00e9rer l'exp\u00e9dition. (Les commandes peuvent \u00e9galement \u00eatre envoy\u00e9es contre remboursement dans certains pays de l'Union Europ\u00e9enne, demandez lesquels).<\/p><p>Nous vous enverrons le num\u00e9ro de suivi de votre commande pour que vous puissiez le suivre sur\u00a0<a href=\"http:\/\/www.ups.com\/tracking\/tracking.html\" target=\"_blank\" rel=\"noopener\">www.ups.com\/tracking\/tracking.html<\/a>\u00a0ou sur\u00a0<a href=\"http:\/\/www.mrw.cat\/\" target=\"_blank\" rel=\"noopener\">www.mrw.cat<\/a>.<\/p><p>Vous recevrez bient\u00f4t votre commande de piercings.<\/p><p><strong>T\u00e9l\u00e9chargez la feuille de commande et commencez \u00e0 la remplir:<\/strong><\/p><\/div><\/div><\/div><\/div><\/div>\t\t\t\t\t\t\t\t<\/div>\n\t\t\t\t<\/div>\n\t\t<div class=\"elementor-element elementor-element-6b76905 e-con-full e-flex e-con e-child\" data-id=\"6b76905\" data-element_type=\"container\" data-e-type=\"container\">\n\t\t\t\t<div class=\"elementor-element elementor-element-13cff53 elementor-widget__width-initial e-transform elementor-widget elementor-widget-image\" data-id=\"13cff53\" data-element_type=\"widget\" data-e-type=\"widget\" data-settings=\"{&quot;_transform_scale_effect_hover&quot;:{&quot;unit&quot;:&quot;px&quot;,&quot;size&quot;:1.06,&quot;sizes&quot;:[]},&quot;_transform_scale_effect_hover_tablet&quot;:{&quot;unit&quot;:&quot;px&quot;,&quot;size&quot;:&quot;&quot;,&quot;sizes&quot;:[]},&quot;_transform_scale_effect_hover_mobile&quot;:{&quot;unit&quot;:&quot;px&quot;,&quot;size&quot;:&quot;&quot;,&quot;sizes&quot;:[]}}\" data-widget_type=\"image.default\">\n\t\t\t\t<div class=\"elementor-widget-container\">\n\t\t\t\t\t\t\t\t\t\t\t\t\t\t\t\t<a href=\"https:\/\/www.abj99.com\/wp-content\/uploads\/2025\/02\/ORDER-SHEET-BASIC-CATALOG-2022.xls\">\n\t\t\t\t\t\t\t<img fetchpriority=\"high\" decoding=\"async\" width=\"512\" height=\"512\" src=\"https:\/\/www.abj99.com\/wp-content\/uploads\/2025\/02\/excel.png\" class=\"attachment-large size-large wp-image-371\" alt=\"Icona Excel\" srcset=\"https:\/\/www.abj99.com\/wp-content\/uploads\/2025\/02\/excel.png 512w, https:\/\/www.abj99.com\/wp-content\/uploads\/2025\/02\/excel-300x300.png 300w, https:\/\/www.abj99.com\/wp-content\/uploads\/2025\/02\/excel-12x12.png 12w\" sizes=\"(max-width: 512px) 100vw, 512px\" \/>\t\t\t\t\t\t\t\t<\/a>\n\t\t\t\t\t\t\t\t\t\t\t\t\t\t\t<\/div>\n\t\t\t\t<\/div>\n\t\t\t\t<div class=\"elementor-element elementor-element-e3f1600 elementor-widget__width-initial e-transform elementor-widget elementor-widget-image\" data-id=\"e3f1600\" data-element_type=\"widget\" data-e-type=\"widget\" data-settings=\"{&quot;_transform_scale_effect_hover&quot;:{&quot;unit&quot;:&quot;px&quot;,&quot;size&quot;:1.06,&quot;sizes&quot;:[]},&quot;_transform_scale_effect_hover_tablet&quot;:{&quot;unit&quot;:&quot;px&quot;,&quot;size&quot;:&quot;&quot;,&quot;sizes&quot;:[]},&quot;_transform_scale_effect_hover_mobile&quot;:{&quot;unit&quot;:&quot;px&quot;,&quot;size&quot;:&quot;&quot;,&quot;sizes&quot;:[]}}\" data-widget_type=\"image.default\">\n\t\t\t\t<div class=\"elementor-widget-container\">\n\t\t\t\t\t\t\t\t\t\t\t\t\t\t\t\t<a href=\"https:\/\/www.abj99.com\/wp-content\/uploads\/2025\/03\/ORDER-SHEET-BASIC-CATALOG-2022.pdf\" target=\"_blank\">\n\t\t\t\t\t\t\t<img decoding=\"async\" width=\"120\" height=\"120\" src=\"https:\/\/www.abj99.com\/wp-content\/uploads\/2025\/02\/Adobe-1.png\" class=\"attachment-large size-large wp-image-287\" alt=\"Icono PDF\" srcset=\"https:\/\/www.abj99.com\/wp-content\/uploads\/2025\/02\/Adobe-1.png 120w, https:\/\/www.abj99.com\/wp-content\/uploads\/2025\/02\/Adobe-1-12x12.png 12w\" sizes=\"(max-width: 120px) 100vw, 120px\" \/>\t\t\t\t\t\t\t\t<\/a>\n\t\t\t\t\t\t\t\t\t\t\t\t\t\t\t<\/div>\n\t\t\t\t<\/div>\n\t\t\t\t<\/div>\n\t\t\t\t<\/div>\n\t\t\t\t\t<\/div>\n\t\t\t\t<\/div>\n\t\t<div class=\"elementor-element elementor-element-dce8b59 e-con-full e-flex e-con e-child\" data-id=\"dce8b59\" data-element_type=\"container\" data-e-type=\"container\" data-settings=\"{&quot;background_background&quot;:&quot;classic&quot;}\">\n\t\t\t\t<div class=\"elementor-element elementor-element-03053a5 elementor-widget elementor-widget-heading\" data-id=\"03053a5\" data-element_type=\"widget\" data-e-type=\"widget\" data-widget_type=\"heading.default\">\n\t\t\t\t<div class=\"elementor-widget-container\">\n\t\t\t\t\t<h1 class=\"elementor-heading-title elementor-size-default\">LISTE DES PRIX\n\n<\/h1>\t\t\t\t<\/div>\n\t\t\t\t<\/div>\n\t\t\t\t<div class=\"elementor-element elementor-element-67f31fe e-transform elementor-widget elementor-widget-button\" data-id=\"67f31fe\" data-element_type=\"widget\" data-e-type=\"widget\" data-settings=\"{&quot;_transform_scale_effect_hover&quot;:{&quot;unit&quot;:&quot;px&quot;,&quot;size&quot;:1.03,&quot;sizes&quot;:[]},&quot;_transform_scale_effect_hover_tablet&quot;:{&quot;unit&quot;:&quot;px&quot;,&quot;size&quot;:&quot;&quot;,&quot;sizes&quot;:[]},&quot;_transform_scale_effect_hover_mobile&quot;:{&quot;unit&quot;:&quot;px&quot;,&quot;size&quot;:&quot;&quot;,&quot;sizes&quot;:[]}}\" data-widget_type=\"button.default\">\n\t\t\t\t<div class=\"elementor-widget-container\">\n\t\t\t\t\t\t\t\t\t<div class=\"elementor-button-wrapper\">\n\t\t\t\t\t<a class=\"elementor-button elementor-button-link elementor-size-sm\" href=\"https:\/\/www.abj99.com\/fr\/contacte\/\">\n\t\t\t\t\t\t<span class=\"elementor-button-content-wrapper\">\n\t\t\t\t\t\t\t\t\t<span class=\"elementor-button-text\">s\u2019abonner<\/span>\n\t\t\t\t\t<\/span>\n\t\t\t\t\t<\/a>\n\t\t\t\t<\/div>\n\t\t\t\t\t\t\t\t<\/div>\n\t\t\t\t<\/div>\n\t\t\t\t<div class=\"elementor-element elementor-element-dc97e25 elementor-widget elementor-widget-text-editor\" data-id=\"dc97e25\" data-element_type=\"widget\" data-e-type=\"widget\" data-widget_type=\"text-editor.default\">\n\t\t\t\t<div class=\"elementor-widget-container\">\n\t\t\t\t\t\t\t\t\t<p>Demandez notre liste de prix. Si vous souhaitez recevoir toutes les informations sur nos produits, abonnez-vous. Vous pourrez profiter d'informations exclusives et d'offres sp\u00e9ciales.<\/p>\t\t\t\t\t\t\t\t<\/div>\n\t\t\t\t<\/div>\n\t\t\t\t<\/div>\n\t\t\t\t\t<\/div>\n\t\t\t\t<\/div>\n\t\t\t\t<\/div>","protected":false},"excerpt":{"rendered":"<p>INFORMACI\u00d3 GENERAL Podeu sol\u00b7licitar el nostre\u00a0llistat de preus\u00a0amb el nostre formulari de contacte.\u00a0Mentre espereu a rebre\u2019l podeu anar revisant la nostra gran varietat de productes. No us oblideu d\u2019especificar els colors i mesures que necessiteu, en cas que no hi constin, us prepararem els millors colors i les mesures m\u00e9s venudes.\u00a0Preferiblement envieu-nos un mail o [&hellip;]<\/p>\n","protected":false},"author":1,"featured_media":112,"parent":0,"menu_order":0,"comment_status":"closed","ping_status":"closed","template":"","meta":{"footnotes":""},"class_list":["post-45","page","type-page","status-publish","has-post-thumbnail","hentry"],"_links":{"self":[{"href":"https:\/\/www.abj99.com\/fr\/wp-json\/wp\/v2\/pages\/45","targetHints":{"allow":["GET"]}}],"collection":[{"href":"https:\/\/www.abj99.com\/fr\/wp-json\/wp\/v2\/pages"}],"about":[{"href":"https:\/\/www.abj99.com\/fr\/wp-json\/wp\/v2\/types\/page"}],"author":[{"embeddable":true,"href":"https:\/\/www.abj99.com\/fr\/wp-json\/wp\/v2\/users\/1"}],"replies":[{"embeddable":true,"href":"https:\/\/www.abj99.com\/fr\/wp-json\/wp\/v2\/comments?post=45"}],"version-history":[{"count":26,"href":"https:\/\/www.abj99.com\/fr\/wp-json\/wp\/v2\/pages\/45\/revisions"}],"predecessor-version":[{"id":826,"href":"https:\/\/www.abj99.com\/fr\/wp-json\/wp\/v2\/pages\/45\/revisions\/826"}],"wp:featuredmedia":[{"embeddable":true,"href":"https:\/\/www.abj99.com\/fr\/wp-json\/wp\/v2\/media\/112"}],"wp:attachment":[{"href":"https:\/\/www.abj99.com\/fr\/wp-json\/wp\/v2\/media?parent=45"}],"curies":[{"name":"wp","href":"https:\/\/api.w.org\/{rel}","templated":true}]}}