{"id":53,"date":"2025-02-20T10:32:40","date_gmt":"2025-02-20T09:32:40","guid":{"rendered":"https:\/\/abj99.framegirona.dev\/?page_id=53"},"modified":"2025-02-24T13:58:43","modified_gmt":"2025-02-24T12:58:43","slug":"politica-de-privadesa","status":"publish","type":"page","link":"https:\/\/www.abj99.com\/es\/politica-de-privadesa\/","title":{"rendered":"Pol\u00edtica de privacidad"},"content":{"rendered":"<div data-elementor-type=\"wp-page\" data-elementor-id=\"53\" class=\"elementor elementor-53\" data-elementor-post-type=\"page\">\n\t\t\t\t<div class=\"elementor-element elementor-element-9614da6 e-flex e-con-boxed e-con e-parent\" data-id=\"9614da6\" data-element_type=\"container\" data-e-type=\"container\" data-settings=\"{&quot;background_background&quot;:&quot;classic&quot;}\">\n\t\t\t\t\t<div class=\"e-con-inner\">\n\t\t<div class=\"elementor-element elementor-element-642c29a e-flex e-con-boxed e-con e-child\" data-id=\"642c29a\" data-element_type=\"container\" data-e-type=\"container\" data-settings=\"{&quot;background_background&quot;:&quot;classic&quot;}\">\n\t\t\t\t\t<div class=\"e-con-inner\">\n\t\t\t\t<div class=\"elementor-element elementor-element-16634bc elementor-widget elementor-widget-heading\" data-id=\"16634bc\" data-element_type=\"widget\" data-e-type=\"widget\" data-widget_type=\"heading.default\">\n\t\t\t\t<div class=\"elementor-widget-container\">\n\t\t\t\t\t<h1 class=\"elementor-heading-title elementor-size-default\">Pol\u00edtica de privacidad<\/h1>\t\t\t\t<\/div>\n\t\t\t\t<\/div>\n\t\t\t\t<div class=\"elementor-element elementor-element-c4f3f56 elementor-widget elementor-widget-text-editor\" data-id=\"c4f3f56\" data-element_type=\"widget\" data-e-type=\"widget\" data-widget_type=\"text-editor.default\">\n\t\t\t\t<div class=\"elementor-widget-container\">\n\t\t\t\t\t\t\t\t\t<div class=\"wpb_text_column wpb_content_element\"><div class=\"wpb_wrapper\"><p>AMAZING BODY JEWELRY tiene como objetivo respetar la privacidad de los clientes y usuarios de su p\u00e1gina web, redes sociales, programas y tratamientos, as\u00ed como proteger los datos de car\u00e1cter personal que puedan ser facilitados y\/o entregados por cualquier medio y forma de contacto. Los datos personales mencionados, tanto los propios como los de acceso, ser\u00e1n tratados con la m\u00e1xima confidencialidad.<\/p><p>Disponemos de las medidas de seguridad t\u00e9cnicas y organizativas para garantizar la seguridad integral de sus datos personales con el objetivo de evitar p\u00e9rdidas, tratamiento o accesos no autorizados, en cumplimiento de la legislaci\u00f3n vigente en materia de protecci\u00f3n de datos.<\/p><p>Usted es el \u00fanico responsable de facilitarnos los datos personales a tratar de forma exacta y veraz. Nosotros somos ajenos a los da\u00f1os y perjuicios que pueda ocasionar como consecuencia de haber facilitado informaci\u00f3n inexacta o falsa.<\/p><p>A continuaci\u00f3n, les detallamos la informaci\u00f3n sobre el tratamiento que AMAZING BODY JEWELRY realiza sobre sus datos personales:<\/p><p><b>\u00bfQui\u00e9n es el responsable del tratamiento?<\/b><\/p><p>El responsable del tratamiento de sus datos personales es AMAZING BODY JEWELRY, SL, con NIF B-55156616 y domicilio social en calle Bonastruc de Porta, 3 (local) 17001 Girona. Tel. 972- 22 74 15 \/ 972- 22 31 33 y con correo electr\u00f3nico de contacto\u00a0<a href=\"mailto:info@abj99.com\">info@abj99.com<\/a>.<\/p><p>Inscrita en el Registro Mercantil de Girona, volumen 102, Folio GI-1880.<\/p><p><b>\u00bfPara qu\u00e9 utilizamos sus datos?<\/b><\/p><p>AMAZING BODY JEWELRY tratar\u00e1 sus datos personales para llevar a cabo la prestaci\u00f3n de los servicios profesionales encargados o para cualquier otra finalidad siempre que previamente usted nos haya autorizado de manera expresa. En ning\u00fan caso, los datos ser\u00e1n utilizados para fines propios o para fines distintos de los que haya consentido usted, salvo para el cumplimiento de una obligaci\u00f3n legal.<\/p><p>En AMAZING BODY JEWELRY tratamos sus datos para las siguientes finalidades:<\/p><p><i>Prestaci\u00f3n de servicios<\/i><i>:<\/i>\u00a0Les dades obtingudes (online o en persona), s\u2019utilitzen pel desenvolupament i prestaci\u00f3 dels serveis professionals contractats i\/o per a la contestaci\u00f3 de sol\u00b7licituds i consultes.<\/p><p><i>Tratamiento de candidatos<\/i><i>:<\/i>\u00a0Los datos proporcionados en esta secci\u00f3n se utilizan para mantenerlo informado sobre las diferentes vacantes de empleo en nuestra empresa. Los datos proporcionados se conservar\u00e1n hasta la adjudicaci\u00f3n del puesto de trabajo o hasta que usted ejerza su derecho de cancelaci\u00f3n. Por lo tanto, tiene derecho a acceder a sus datos personales, rectificar los inexactos o solicitar su supresi\u00f3n cuando los datos ya no sean necesarios. Estos datos no ser\u00e1n cedidos a terceros sin su consentimiento previo.<\/p><p><i>Gesti\u00f3n de servicios<\/i><i>:<\/i>\u00a0La informaci\u00f3n que nos facilite para facturar los servicios se mantendr\u00e1 mientras exista la relaci\u00f3n comercial o contractual con la finalidad de cumplir con las obligaciones legales. Los datos solo ser\u00e1n cedidos para el cumplimiento de estas obligaciones.<\/p><p><i>\u00c1rea de clientes<\/i><i>:<\/i>\u00a0Nuestra web tiene una secci\u00f3n de acceso restringido donde los clientes pueden visualizar todo tipo de documentos relacionados con nuestros servicios. En el caso de registrarse como usuario de esta plataforma, necesitaremos tratar sus datos para identificarlo como usuario de la misma y permitir el acceso a sus diferentes funcionalidades que estar\u00e1n a su disposici\u00f3n como usuario registrado. Puede cancelar su cuenta de usuario en cualquier momento contactando con nosotros.<\/p><p><i>Otros tratamientos<\/i><i>:<\/i>\u00a0Los datos personales facilitados podr\u00e1n ser tratados para otros fines, como la invitaci\u00f3n a eventos organizados o en los que participe AMAZING BODY JEWELRY, otras actividades o publicaciones, as\u00ed como para informar sobre novedades jur\u00eddicas y circulares que puedan ser de inter\u00e9s para sus clientes. En estos casos, siempre se solicitar\u00e1 su consentimiento expreso en caso de no existir un inter\u00e9s leg\u00edtimo.<\/p><p><b>\u00bfCon qui\u00e9n compartimos tus datos?<\/b><\/p><p>Aparte de las cesiones previstas a los organismos, que forman parte del desarrollo de la prestaci\u00f3n de servicios que ofrecemos (nuestros servicios laborales, fiscales, contables, mercantiles, jur\u00eddicos... implican cesiones a Hacienda, Seguridad Social, registros...), no comunicaremos sus datos a terceros salvo que contemos con la autorizaci\u00f3n expresa de usted y los supuestos legales admisibles.<\/p><p><b>\u00bfCu\u00e1nto tiempo conservaremos tus datos?<\/b><\/p><p>AMAZING BODY JEWELRY conservar\u00e1 sus datos personales durante un plazo de 10 a\u00f1os, a partir de la fecha en que finalice la relaci\u00f3n profesional acordada. Esta fecha coincidir\u00e1 con el correspondiente pago de la \u00faltima factura que emitir\u00e1 nuestra oficina al cliente por los servicios profesionales prestados.<\/p><p>Sin perjuicio de lo expuesto, el plazo inicial previsto de conservaci\u00f3n de los datos de los clientes podr\u00e1 ser prorrogado como consecuencia de las actividades inspectoras que las autoridades tributarias, jur\u00eddicas o cualquier otra autoridad competente lleve a cabo.<\/p><p>Igualmente, este plazo podr\u00e1 ser objeto de pr\u00f3rroga hasta la prescripci\u00f3n de las acciones de responsabilidad contractual que el cliente y\/o el despacho puedan dirigirse rec\u00edprocamente.<\/p><p>Los datos personales con fines comerciales se mantendr\u00e1n vigentes mientras no se solicite su supresi\u00f3n. Usted puede revocar su consentimiento sobre el tratamiento en cualquier momento.<\/p><p><b>\u00bfCu\u00e1les son sus derechos?<\/b><\/p><p>Usted tiene derecho a obtener confirmaci\u00f3n de si en AMAZING BODY JEWELRY estamos tratando sus datos personales. De esta manera, tiene derecho a obtener confirmaci\u00f3n de si estamos tratando o no sus datos personales y, en tal caso, acceder a ellos.<\/p><p>Independientemente de la finalidad y la base legal por la cual tratemos sus datos, sus derechos son:<\/p><p>Derecho de acceso a los datos que disponemos. Le recordamos que en caso de ser usuario registrado en la plataforma, podr\u00e1 acceder a sus datos.<\/p><p>Derecho a solicitarnos la rectificaci\u00f3n de los datos y modificar aquellos que tengamos, si no son exactos. Recordamos que al facilitarnos los datos por cualquier v\u00eda, garantizas que son ciertos y exactos, y el cliente se compromete a notificarnos cualquier cambio o modificaci\u00f3n de los mismos.<\/p><p>Derecho de petici\u00f3n para suprimir los datos. Los datos ser\u00e1n eliminados cuando dejen de ser \u00fatiles, seg\u00fan petici\u00f3n o pasados los plazos determinados en el apartado de conservaci\u00f3n.<\/p><p>Derecho a solicitarnos la limitaci\u00f3n de su tratamiento. En determinados casos, se podr\u00e1 solicitar que suspendamos temporalmente el tratamiento de los datos. Esta solicitud podr\u00e1 realizarse siempre que se cumpla alguna de las causas previstas por la Ley.<\/p><p>Derecho a oponerse a su tratamiento, o solicitarnos que no tratemos sus datos.<\/p><p>Derecho a la portabilidad de sus datos, por el cual podr\u00e1 solicitar en formato electr\u00f3nico y estructurado los datos que constan en nuestros archivos, para poder ser transmitidos, siempre que t\u00e9cnicamente sea posible.<\/p><p>Si nos ha proporcionado su consentimiento para el tratamiento de sus datos para cualquier finalidad, tambi\u00e9n tiene derecho a retirarlo en cualquier momento.<\/p><p>Adem\u00e1s, en determinadas circunstancias, puede solicitar la limitaci\u00f3n del tratamiento de sus datos o, por motivos relacionados con su situaci\u00f3n particular, podr\u00e1 igualmente oponerse a su tratamiento. En este caso, dejaremos de tratar los datos, salvo por motivos leg\u00edtimos que prevalezcan sobre sus intereses y derechos o para la formulaci\u00f3n, el ejercicio o la defensa de reclamaciones.<\/p><p><b>\u00bfC\u00f3mo ejercer sus derechos?<\/b><\/p><p>Para ejercer estos derechos sin ning\u00fan coste, solo ser\u00e1 necesario que nos env\u00ede un correo electr\u00f3nico a\u00a0<a href=\"mailto:info@abj99.com\">info@abj99.com<\/a>\u00a0 o una carta por correo ordinario a la direcci\u00f3n indicada en el apartado \"Qui\u00e9nes somos\". En esta, solo deber\u00e1 indicarnos el motivo y el derecho que desea ejercer. En caso de que consideremos necesaria la identificaci\u00f3n, podremos solicitarle una copia del documento acreditativo de identidad.<\/p><p>En el plazo de 48 horas a partir de la recepci\u00f3n de la comunicaci\u00f3n del ejercicio de cualquiera de los derechos, se enviar\u00e1 una respuesta o un aviso de recepci\u00f3n de la misma y, si fuera necesario, se comunicar\u00e1n los defectos de la comunicaci\u00f3n para que puedan ser corregidos. AMAZING BODY JEWELRY cumplir\u00e1 con la voluntad del cliente en un plazo m\u00e1ximo de 15 d\u00edas naturales a partir de la correcta recepci\u00f3n de la comunicaci\u00f3n realizada, informando al cliente mediante un correo electr\u00f3nico enviado a la direcci\u00f3n que haya designado.<\/p><p><b>\u00bfQu\u00e9 medidas de seguridad adoptamos?<\/b><\/p><p>AMAZING BODY JEWELRY ha realizado un an\u00e1lisis de riesgos que conlleva el tratamiento y cesi\u00f3n de los datos facilitados por sus clientes y otros interesados. Como consecuencia de este an\u00e1lisis, hemos implementado medidas de seguridad t\u00e9cnicas, f\u00edsicas y organizativas para prevenir y mitigar los da\u00f1os que puedan ocasionarse tanto a los datos personales contenidos en los archivos como a sus titulares, comprometi\u00e9ndonos a su estricto cumplimiento y a mantener dichas medidas actualizadas para cubrir posibles modificaciones en los riesgos.<\/p><p><b>Actualizaci\u00f3n de la pol\u00edtica de privacidad de protecci\u00f3n de datos<\/b><\/p><p>AMAZING BODY JEWELRY podr\u00e1 modificar la presente pol\u00edtica de protecci\u00f3n de datos como consecuencia de los cambios legislativos, doctrina jurisprudencial o dict\u00e1menes del organismo regulador que le sean de aplicaci\u00f3n directa, indirecta o sectorial.<\/p><p>Como consecuencia, se recomienda a los usuarios de la web o clientes que, de forma peri\u00f3dica, accedan y lean la presente pol\u00edtica de privacidad, sin perjuicio de que las mencionadas modificaciones sean comunicadas mediante anuncios en la web o, en su caso, mediante correo electr\u00f3nico dirigido a la direcci\u00f3n designada por el cliente o interesado.<\/p><\/div><\/div>\t\t\t\t\t\t\t\t<\/div>\n\t\t\t\t<\/div>\n\t\t\t\t\t<\/div>\n\t\t\t\t<\/div>\n\t\t\t\t\t<\/div>\n\t\t\t\t<\/div>\n\t\t\t\t<\/div>","protected":false},"excerpt":{"rendered":"<p>Pol\u00edtica de privacitat AMAZING BODY JEWELRY t\u00e9 com objecte respectar la privacitat dels clients i usuaris de la seva plana web, xarxes socials, programes i tractaments aix\u00ed com protegir les dades de car\u00e0cter personal que ens puguin ser facilitades i\/o lliurades per a qualsevol mitj\u00e0 i forma de contacte. Les dades personals esmentades, tant les [&hellip;]<\/p>\n","protected":false},"author":1,"featured_media":0,"parent":0,"menu_order":0,"comment_status":"closed","ping_status":"closed","template":"","meta":{"footnotes":""},"class_list":["post-53","page","type-page","status-publish","hentry"],"_links":{"self":[{"href":"https:\/\/www.abj99.com\/es\/wp-json\/wp\/v2\/pages\/53","targetHints":{"allow":["GET"]}}],"collection":[{"href":"https:\/\/www.abj99.com\/es\/wp-json\/wp\/v2\/pages"}],"about":[{"href":"https:\/\/www.abj99.com\/es\/wp-json\/wp\/v2\/types\/page"}],"author":[{"embeddable":true,"href":"https:\/\/www.abj99.com\/es\/wp-json\/wp\/v2\/users\/1"}],"replies":[{"embeddable":true,"href":"https:\/\/www.abj99.com\/es\/wp-json\/wp\/v2\/comments?post=53"}],"version-history":[{"count":4,"href":"https:\/\/www.abj99.com\/es\/wp-json\/wp\/v2\/pages\/53\/revisions"}],"predecessor-version":[{"id":504,"href":"https:\/\/www.abj99.com\/es\/wp-json\/wp\/v2\/pages\/53\/revisions\/504"}],"wp:attachment":[{"href":"https:\/\/www.abj99.com\/es\/wp-json\/wp\/v2\/media?parent=53"}],"curies":[{"name":"wp","href":"https:\/\/api.w.org\/{rel}","templated":true}]}}