{"id":51,"date":"2025-02-20T10:32:27","date_gmt":"2025-02-20T09:32:27","guid":{"rendered":"https:\/\/abj99.framegirona.dev\/?page_id=51"},"modified":"2025-02-24T13:55:41","modified_gmt":"2025-02-24T12:55:41","slug":"avis-legal","status":"publish","type":"page","link":"https:\/\/www.abj99.com\/es\/avis-legal\/","title":{"rendered":"Aviso legal"},"content":{"rendered":"<div data-elementor-type=\"wp-page\" data-elementor-id=\"51\" class=\"elementor elementor-51\" data-elementor-post-type=\"page\">\n\t\t\t\t<div class=\"elementor-element elementor-element-39da442 e-flex e-con-boxed e-con e-parent\" data-id=\"39da442\" data-element_type=\"container\" data-e-type=\"container\" data-settings=\"{&quot;background_background&quot;:&quot;classic&quot;}\">\n\t\t\t\t\t<div class=\"e-con-inner\">\n\t\t<div class=\"elementor-element elementor-element-25acbc3 e-flex e-con-boxed e-con e-child\" data-id=\"25acbc3\" data-element_type=\"container\" data-e-type=\"container\" data-settings=\"{&quot;background_background&quot;:&quot;classic&quot;}\">\n\t\t\t\t\t<div class=\"e-con-inner\">\n\t\t\t\t<div class=\"elementor-element elementor-element-878c753 elementor-widget elementor-widget-heading\" data-id=\"878c753\" data-element_type=\"widget\" data-e-type=\"widget\" data-widget_type=\"heading.default\">\n\t\t\t\t<div class=\"elementor-widget-container\">\n\t\t\t\t\t<h1 class=\"elementor-heading-title elementor-size-default\">Aviso legal<\/h1>\t\t\t\t<\/div>\n\t\t\t\t<\/div>\n\t\t\t\t<div class=\"elementor-element elementor-element-99ae727 elementor-widget elementor-widget-text-editor\" data-id=\"99ae727\" data-element_type=\"widget\" data-e-type=\"widget\" data-widget_type=\"text-editor.default\">\n\t\t\t\t<div class=\"elementor-widget-container\">\n\t\t\t\t\t\t\t\t\t<ol><li><b>General\u200b\u200b<\/b><\/li><\/ol><p>A continuaci\u00f3n detallamos los t\u00e9rminos y las condiciones que regulan el acceso y uso de los contenidos de esta p\u00e1gina web.<\/p><p>Los t\u00e9rminos y las condiciones son de car\u00e1cter general y regulan tanto el uso de la web como la presencia del titular en las redes sociales e Internet en general. No obstante, alg\u00fan servicio o contenido espec\u00edfico puede requerir para su acceso y uso la aceptaci\u00f3n de estos t\u00e9rminos y condiciones particulares por parte del usuario.<\/p><p>AMAZING BODY JEWELRY se reserva el derecho de actualizar este espacio (aviso legal), modificarlo, limitarlo o ampliarlo para adaptarlo a las nuevas normativas o necesidades del sector.<\/p><p>\u00a0<\/p><ol start=\"2\"><li><b>Identificaci\u00f3n del titular del espacio web<\/b><\/li><\/ol><p>La web www.abj99.com (en adelante, la web) pertenece a AMAZING BODY JEWELRY, SL (en adelante, AMAZING BODY JEWELRY), quien es el titular de la misma.<br \/>Domicilio social: C.\/ Bonastruc de Porta, 3 17001 Girona.<\/p><p>Tel\u00e9fono: 972 22 74 15 \/ 972 22 31 33<\/p><p>A\/e:\u00a0info@abj99.com<br \/>CIF: B \u2013 55156616<\/p><p>Datos registrales: sociedad limitada, inscrita en el Registro Mercantil de Girona, volumen 102, folio 207, hoja GI-1880.<\/p><p>\u00a0<\/p><ol start=\"3\"><li><b>Usuario: T\u00e9rminos y condiciones de uso de la web<\/b><\/li><\/ol><p>Se entender\u00e1 como usuario cualquier persona que acceda, navegue o utilice los contenidos y\/o servicios que se puedan encontrar en la web en todo momento. De ahora en adelante, se har\u00e1 referencia al usuario de esta web como usuario.<\/p><p>El usuario acepta los t\u00e9rminos y condiciones sin ninguna reserva.<\/p><p>Los contenidos y servicios ofrecidos por la compa\u00f1\u00eda son de naturaleza cambiante y, por lo tanto, la compa\u00f1\u00eda se reserva el derecho de modificar sin previo aviso estos t\u00e9rminos y condiciones para ajustarlos al nuevo contenido. En consecuencia, el usuario reconoce y acepta la obligaci\u00f3n de revisar y cumplir los t\u00e9rminos y condiciones que se encuentren vigentes en todo momento.<\/p><p>En todo caso, se presume que el acceso y uso de la web y, por lo tanto, la aceptaci\u00f3n de los t\u00e9rminos y condiciones, incluida la pol\u00edtica de privacidad y cualquier otro t\u00e9rmino y condici\u00f3n particular que pueda incluir apartados o servicios espec\u00edficos de la web, es realizado por personas mayores de 18 a\u00f1os o, en el caso de menores de edad, tuteladas, es decir, que act\u00faan bajo la debida supervisi\u00f3n del tutor o responsable legal.<\/p><p>\u00a0<\/p><ol start=\"4\"><li><b>Registro de usuarios\/Formularios<\/b><\/li><\/ol><p>El acceso al sitio web es libre y gratuito. No es necesario registrarse para acceder a los contenidos. Sin embargo, es necesario que el usuario se registre para poder acceder al \u00e1rea de clientes. Asimismo, tambi\u00e9n puede ser necesario que el usuario proporcione datos personales cuando, de manera voluntaria, desee hacer uso de los servicios ofrecidos que as\u00ed lo requieran. Al completar y enviar un formulario en este sitio web, el usuario autoriza expresamente a AMAZING BODY JEWELRY a recoger, tratar autom\u00e1ticamente o ponerse en contacto, seg\u00fan sea el caso, con los datos personales solicitados conforme a los fines y condiciones que se detallan en cada caso.<\/p><p>Los datos que facilite el usuario en cualquiera de los apartados que se encuentren dentro de la web estar\u00e1n sujetos a la pol\u00edtica de privacidad de la compa\u00f1\u00eda.<\/p><p>En todo caso, cuando el usuario opte por registrarse en cualquiera de los apartados o servicios que ofrece la web, se compromete a indicar la informaci\u00f3n requerida, que deber\u00e1 ser veraz y l\u00edcita. Si AMAZING BODY JEWELRY tuviera motivos suficientes para sospechar que la informaci\u00f3n facilitada fuera falsa, inexacta, incompleta, contraria a la Ley o atente contra la moralidad de las personas, tendr\u00e1 derecho a cancelar el registro, denegar el acceso y uso, presente o futuro, del sitio web o de cualquier medio o servicio incorporado.<\/p><p>En el caso de que la compa\u00f1\u00eda proporcione al usuario una contrase\u00f1a, elegida o no por el usuario, este \u00faltimo ser\u00e1 responsable de la misma y se compromete a hacer un uso exclusivo de ella, manteni\u00e9ndola en secreto y actuando con la diligencia necesaria para custodiarla y evitar que sea conocida por terceros que puedan suplantar su identidad.<\/p><p>En el caso de que el usuario detecte que se ha hecho un uso no autorizado de su contrase\u00f1a o tenga conocimiento de que la ha perdido, se compromete a notificar el incidente correspondiente de forma inmediata a la compa\u00f1\u00eda mediante los enlaces destinados expresamente a este efecto o a la direcci\u00f3n\u00a0<a href=\"mailto:info@abj99.com\">info@abj99.com<\/a>\u00a0. O cambiar\u00e1 \u00e9l mismo de nuevo la contrase\u00f1a.<\/p><p>El usuario podr\u00e1 cancelar, desactivar o darse de baja en su registro en cualquier momento poni\u00e9ndose en contacto con AMAZING BODY JEWELRY.<\/p><p>En ning\u00fan caso la compa\u00f1\u00eda se hace responsable del uso de la contrase\u00f1a por parte de terceros no autorizados ni de la p\u00e9rdida de esta por parte del usuario.<\/p><p>\u00a0<\/p><ol start=\"5\"><li><b>Contenidos y servicios de la web\u00a0<\/b><\/li><\/ol><p>El usuario conoce y acepta cualquier dato relativo que AMAZING BODY JEWELRY, a t\u00edtulo meramente informativo, incluya en su web. La informaci\u00f3n se ha obtenido de fuentes fiables, pero a pesar de haber tomado las medidas razonables para asegurarse de que esta informaci\u00f3n no sea err\u00f3nea o confusa, AMAZING BODY JEWELRY no manifiesta ni garantiza que sea exacta, completa o actualizada, y no debe confiarse en la misma como si lo fuera.<\/p><p>La informaci\u00f3 del lloc web no suposa cap tipus de recomanaci\u00f3 ni assessorament, ni res que s\u2019hi inclogui s\u2019ha de prendre com a base per a realitzar accions o prendre decisions de cap mena.<\/p><p>En la web se pueden incluir informaciones o contenidos facilitados por fuentes diferentes, incluso por otros usuarios de la web. AMAZING BODY JEWELRY no garantiza ni asume la responsabilidad sobre la veracidad, integridad y exactitud de la informaci\u00f3n y\/o contenidos, incluyendo aquellos supuestos en los que existan elementos difamatorios, ofensivos o de car\u00e1cter il\u00edcito.<\/p><p>\u00a0<\/p><ol start=\"6\"><li><b>Obligaci\u00f3n de uso correcto de la web, de sus contenidos y servicios<\/b><\/li><\/ol><p>El usuario de la web se compromete a hacer un uso de esta y de sus contenidos y servicios de manera diligente, correcta y de acuerdo con estos t\u00e9rminos y condiciones, as\u00ed como a respetar y cumplir en todo momento la Ley y cualquier disposici\u00f3n normativa vigente y aplicable.<\/p><p>Queda prohibit l\u2019\u00fas i acc\u00e9s a la web mitjan\u00e7ant qualsevol aplicaci\u00f3, programa inform\u00e0tic o sistema an\u00e0leg que pugui malmetre o obstaculitzar-ne el funcionament normal, incloent-hi l\u2019alteraci\u00f3, l\u2019eliminaci\u00f3 o el bloqueig dels continguts i serveis que s\u2019hi ofereix, o de qualsevol altre mecanisme que els pugui afectar, especialment aquells que puguin comportar la privaci\u00f3 de l\u2019acc\u00e9s i \u00fas a la web, o qualsevol part d\u2019aquesta, a tercers.<\/p><p>Tambi\u00e9n se proh\u00edbe la realizaci\u00f3n de actividades contrarias a la Ley con fines o efectos il\u00edcitos prohibidos o lesivos de derechos o intereses de terceros.<\/p><p>Tambi\u00e9n se proh\u00edbe el acceso a la web mediante programas u otros mecanismos inform\u00e1ticos que, de forma voluntaria o involuntaria, puedan resultar en una sobrecarga de los recursos utilizados por la compa\u00f1\u00eda para mantener la web accesible al p\u00fablico y\/o que permitan un acceso no autorizado a las secciones de la web no accesibles al p\u00fablico en general o al sistema inform\u00e1tico en el que est\u00e1 alojada; de manera que puedan introducir virus u otros programas maliciosos o scripts que causen errores en el sistema inform\u00e1tico mencionado o en el funcionamiento de la web.<\/p><p>En todo caso, el usuario se compromete a hacer un uso adecuado de los contenidos y servicios de la web, especialmente en lo que respecta a cualquier apartado en el que se le permita participar, en el cual regir\u00e1n tambi\u00e9n los principios de buena fe y de respeto a los dem\u00e1s usuarios, la compa\u00f1\u00eda y cualquier otro tercero.<\/p><p>\u00a0<\/p><ol start=\"7\"><li><b>Exclusi\u00f3n de garant\u00edas y responsabilidades<\/b><\/li><\/ol><p>AMAZING BODY JEWELRY se compromete a hacer todo lo posible para mantener el funcionamiento de la web en condiciones \u00f3ptimas de uso, as\u00ed como a evitar errores de servidor, de programaci\u00f3n y de los contenidos y servicios que se ofrecen. No obstante, la compa\u00f1\u00eda no asume ninguna responsabilidad respecto a los errores eventuales que puedan surgir o aparecer y, por lo tanto, no garantiza la plena funcionalidad ni los contenidos y\/o servicios que la web ofrece.<\/p><p>Aquesta web ser\u00e0 revisada i aprovada peri\u00f2dicament per a qu\u00e8 funcioni correctament els 365 dies de l\u2019any, 24 hores al dia. Per altra banda, no es descarta la possibilitat que existeixin determinats errors de programaci\u00f3, o que succeeixin causes de for\u00e7a major, cat\u00e0strofes naturals, vagues o circumst\u00e0ncies semblants que facin impossible l\u2019acc\u00e9s a la plana web.<\/p><p>Sin perjuicio de lo mencionado, la compa\u00f1\u00eda garantiza que, de forma voluntaria, la web no incorporar\u00e1 software malicioso (malware), virus y otros scripts o programas de naturaleza maliciosa, y se compromete a informar, mediante la pol\u00edtica de privacidad, sobre todo el uso de aplicaciones y otros programas, scripts, etc. que recojan datos del usuario que puedan ser objeto de tratamiento posterior.<\/p><p>AMAZING BODY JEWELRY no se hace responsable de ning\u00fan tipo de responsabilidad derivada de la informaci\u00f3n publicada en esta web, siempre que dicha informaci\u00f3n haya sido manipulada o introducida por un tercero ajeno.<\/p><p>Tambi\u00e9n se informa al usuario que diversos contenidos y\/o servicios ofrecidos en la web pueden ser proporcionados por terceros y que, por lo tanto, para acceder a ellos o hacer uso de los mismos, el usuario tambi\u00e9n deber\u00e1 aceptar sus t\u00e9rminos y condiciones (de los terceros). En todo caso, el usuario libera de toda responsabilidad al propietario de la web respecto de todas aquellas cuestiones vinculadas a contenidos y\/o servicios de terceros que se identifiquen expresamente como tales (por ejemplo: comentarios de Disqus, validaci\u00f3n por Twitter y Facebook, etc.).<\/p><p>La compa\u00f1\u00eda puede citar, mostrar y referirse a manifestaciones, publicaciones y otras informaciones o materiales gr\u00e1ficos o audiovisuales de terceros, y no se hace responsable de la veracidad, el rigor, la opini\u00f3n y la calidad de estos.<\/p><p>\u00a0<\/p><ol start=\"8\"><li><b>Propiedad intelectual e industrial<\/b><\/li><\/ol><p>Todos los derechos de propiedad industrial e intelectual de los contenidos de la web est\u00e1n sujetos a la normativa vigente sobre propiedad intelectual y\/o industrial. Los derechos sobre los contenidos corresponden a AMAZING BODY JEWELRY o a terceros en su caso. El usuario solo podr\u00e1 visualizar o obtener una copia privada de los contenidos siempre y cuando dicha copia sea exclusivamente para su uso personal y privado, quedando terminantemente prohibida su utilizaci\u00f3n para fines comerciales, incluidos im\u00e1genes y v\u00eddeos, textos, dise\u00f1os, aplicaciones, programas, c\u00f3digos, etc., que pertenecen a AMAZING BODY JEWELRY o que esta est\u00e1 debidamente autorizada por el titular para hacer uso de ellos en esta web.<\/p><p>Sin perjuicio de lo mencionado, diversos contenidos o servicios de la web pueden especificar unos t\u00e9rminos y condiciones de uso que sean m\u00e1s o menos restrictivos, los cuales prevalecer\u00e1n en relaci\u00f3n con el contenido o servicio afectado por estos.<\/p><p>La compa\u00f1\u00eda \u00fanicamente autoriza a referenciar los contenidos que aparecen en la web en otras webs o comunicaciones, siempre que estas webs o comunicaciones mantengan el principio de buena fe y respeto y cumplan plenamente con la legislaci\u00f3n vigente y el resto de t\u00e9rminos y condiciones, especialmente en lo que respecta a la prohibici\u00f3n de reproducci\u00f3n o de los contenidos que se muestran en la web, con fines distintos a los permitidos en estos t\u00e9rminos y condiciones, sin la autorizaci\u00f3n expresa y previa por escrito de AMAZING BODY JEWELRY.<\/p><p>\u00a0<\/p><ol start=\"9\"><li><b>Enlaces a sitios web o contenidos de terceros (links)<\/b><\/li><\/ol><p>Desde el sitio web es posible que se redirija a contenidos de terceras webs. Dado que desde la web no podemos controlar siempre los contenidos introducidos por terceros, AMAZING BODY JEWELRY no asume ning\u00fan tipo de responsabilidad respecto a estos contenidos. En todo caso, manifestamos que procederemos a retirarlo inmediatamente de cualquier contenido que pueda contravenir la legislaci\u00f3n nacional o internacional, la moral o el orden p\u00fablico, procediendo a la retirada inmediata del reenv\u00edo a estas webs, poniendo en conocimiento a las autoridades competentes el contenido en cuesti\u00f3n.<\/p><p>Estos enlaces tienen un car\u00e1cter meramente informativo para el usuario y este es libre de seguirlos seg\u00fan su criterio exclusivo.<\/p><p>En ning\u00fan caso se podr\u00e1 considerar que AMAZING BODY JEWELRY manifiesta una aprobaci\u00f3n, opini\u00f3n o cualquier otra manifestaci\u00f3n en relaci\u00f3n a todo lo que se pueda encontrar en los enlaces mencionados fuera del espacio de la web.<\/p><p>\u00a0<\/p><ol start=\"10\"><li><b>Informaci\u00f3n sobre cookies\u00a0<\/b><\/li><\/ol><p>Consulte nuestra\u00a0<a href=\"https:\/\/www.abj99.com\/es\/politica-de-cookies\/\">pol\u00edtica de cookies<\/a>.<\/p><p>\u00a0<\/p><ol start=\"11\"><li><b>Protecci\u00f3n de datos<\/b><\/li><\/ol><p>AMAZING BODY JEWELRY est\u00e1 profundamente comprometida con el cumplimiento de la normativa de protecci\u00f3n de datos personales y garantiza el cumplimiento \u00edntegro de las obligaciones dispuestas, as\u00ed como la implementaci\u00f3n de las medidas dispuestas en el Reglamento Europeo de protecci\u00f3n de datos y la normativa espa\u00f1ola. Para m\u00e1s informaci\u00f3n consulte la\u00a0<a href=\"https:\/\/www.abj99.com\/es\/politica-de-privadesa\/\">Pol\u00edtica de privacidad<\/a>.<\/p><p>\u00a0<\/p><ol start=\"12\"><li><b>Redes sociales<\/b><\/li><\/ol><p>Le informamos que AMAZING BODY JEWELRY tiene presencia en las redes sociales. El tratamiento de los datos que se realice de las personas que se hagan seguidores en las redes (y\/o realicen cualquier v\u00ednculo o acci\u00f3n de conexi\u00f3n a trav\u00e9s de las redes sociales) de nuestras p\u00e1ginas oficiales se regir\u00e1 por este apartado, as\u00ed como las condiciones de uso, pol\u00edticas de privacidad y normativas de acceso que pertenezcan a las redes que procedan en cada caso y aceptadas previamente por el usuario.<\/p><p>AMAZING BODY JEWELRY tratar\u00e1 sus datos con el fin de administrar correctamente su presencia en la red social, inform\u00e1ndole de actividades, eventos, productos, normativas o servicios, as\u00ed como para cualquier otra finalidad que la Ley nos permita.<\/p><p>Queda prohibida la publicaci\u00f3n de contenidos:<\/p><ul><li>Que sean presumiblemente il\u00edcitos seg\u00fan la normativa nacional, comunitaria o internacional o que realicen actividades presumiblemente il\u00edcitas o contradigan los principios de buena fe.<\/li><li>Que atenten contra los derechos fundamentales de las personas, falten a la cortes\u00eda en la red, molesten o puedan generar opiniones negativas en nuestros usuarios o terceros y, en general, cualquier contenido que se considere inapropiado.<\/li><li>Y en general, que contradigan los principios de legalidad, honestidad, responsabilidad, protecci\u00f3n de la dignidad humana, protecci\u00f3n de menores, protecci\u00f3n del orden p\u00fablico, protecci\u00f3n de la vida privada, protecci\u00f3n del consumidor y los derechos de propiedad intelectual e industrial.<\/li><\/ul><p>Asimismo, AMAZING BODY JEWELRY se reserva el derecho de retirar, sin previo aviso, de la web o de la red social que le sea de propiedad, aquellos contenidos que considere no apropiados.<\/p><p>\u00a0<\/p><ol start=\"13\"><li><b>Ley aplicable y jurisdicci\u00f3n<\/b><\/li><\/ol><p>Cualquier cuesti\u00f3n relativa a la interpretaci\u00f3n, el cumplimiento y la validez de los t\u00e9rminos y condiciones que pueda surgir entre el usuario y AMAZING BODY JEWELRY se analizar\u00e1 de acuerdo con los mismos t\u00e9rminos y condiciones, en primer lugar, y la normativa catalana, en segundo, y subsidiariamente la espa\u00f1ola, de aplicaci\u00f3n en todo momento.<\/p><p>En el caso de conflicto entre el usuario y la empresa que resulte y\/o est\u00e9 vinculado y\/o relacionado con los t\u00e9rminos y condiciones, las partes acuerdan expresamente someterlo a los juzgados y tribunales competentes de la Ciudad de Girona.<\/p>\t\t\t\t\t\t\t\t<\/div>\n\t\t\t\t<\/div>\n\t\t\t\t\t<\/div>\n\t\t\t\t<\/div>\n\t\t\t\t\t<\/div>\n\t\t\t\t<\/div>\n\t\t\t\t<\/div>","protected":false},"excerpt":{"rendered":"<p>Av\u00eds legal General\u200b\u200b A continuaci\u00f3 detallem els termes i les condicions que regulen l\u2019acc\u00e9s i \u00fas dels continguts d\u2019aquesta plana web. Els termes i les condicions s\u00f3n de car\u00e0cter general i regulen tant l\u2019\u00fas de la web com la pres\u00e8ncia del titular a les xarxes socials i a internet en general. No obstant aix\u00f2, algun [&hellip;]<\/p>\n","protected":false},"author":1,"featured_media":0,"parent":0,"menu_order":0,"comment_status":"closed","ping_status":"closed","template":"","meta":{"footnotes":""},"class_list":["post-51","page","type-page","status-publish","hentry"],"_links":{"self":[{"href":"https:\/\/www.abj99.com\/es\/wp-json\/wp\/v2\/pages\/51","targetHints":{"allow":["GET"]}}],"collection":[{"href":"https:\/\/www.abj99.com\/es\/wp-json\/wp\/v2\/pages"}],"about":[{"href":"https:\/\/www.abj99.com\/es\/wp-json\/wp\/v2\/types\/page"}],"author":[{"embeddable":true,"href":"https:\/\/www.abj99.com\/es\/wp-json\/wp\/v2\/users\/1"}],"replies":[{"embeddable":true,"href":"https:\/\/www.abj99.com\/es\/wp-json\/wp\/v2\/comments?post=51"}],"version-history":[{"count":4,"href":"https:\/\/www.abj99.com\/es\/wp-json\/wp\/v2\/pages\/51\/revisions"}],"predecessor-version":[{"id":500,"href":"https:\/\/www.abj99.com\/es\/wp-json\/wp\/v2\/pages\/51\/revisions\/500"}],"wp:attachment":[{"href":"https:\/\/www.abj99.com\/es\/wp-json\/wp\/v2\/media?parent=51"}],"curies":[{"name":"wp","href":"https:\/\/api.w.org\/{rel}","templated":true}]}}