{"id":51,"date":"2025-02-20T10:32:27","date_gmt":"2025-02-20T09:32:27","guid":{"rendered":"https:\/\/abj99.framegirona.dev\/?page_id=51"},"modified":"2025-02-24T13:55:41","modified_gmt":"2025-02-24T12:55:41","slug":"avis-legal","status":"publish","type":"page","link":"https:\/\/www.abj99.com\/de\/avis-legal\/","title":{"rendered":"Rechtlicher Hinweis"},"content":{"rendered":"<div data-elementor-type=\"wp-page\" data-elementor-id=\"51\" class=\"elementor elementor-51\" data-elementor-post-type=\"page\">\n\t\t\t\t<div class=\"elementor-element elementor-element-39da442 e-flex e-con-boxed e-con e-parent\" data-id=\"39da442\" data-element_type=\"container\" data-e-type=\"container\" data-settings=\"{&quot;background_background&quot;:&quot;classic&quot;}\">\n\t\t\t\t\t<div class=\"e-con-inner\">\n\t\t<div class=\"elementor-element elementor-element-25acbc3 e-flex e-con-boxed e-con e-child\" data-id=\"25acbc3\" data-element_type=\"container\" data-e-type=\"container\" data-settings=\"{&quot;background_background&quot;:&quot;classic&quot;}\">\n\t\t\t\t\t<div class=\"e-con-inner\">\n\t\t\t\t<div class=\"elementor-element elementor-element-878c753 elementor-widget elementor-widget-heading\" data-id=\"878c753\" data-element_type=\"widget\" data-e-type=\"widget\" data-widget_type=\"heading.default\">\n\t\t\t\t<div class=\"elementor-widget-container\">\n\t\t\t\t\t<h1 class=\"elementor-heading-title elementor-size-default\">Rechtlicher Hinweis<\/h1>\t\t\t\t<\/div>\n\t\t\t\t<\/div>\n\t\t\t\t<div class=\"elementor-element elementor-element-99ae727 elementor-widget elementor-widget-text-editor\" data-id=\"99ae727\" data-element_type=\"widget\" data-e-type=\"widget\" data-widget_type=\"text-editor.default\">\n\t\t\t\t<div class=\"elementor-widget-container\">\n\t\t\t\t\t\t\t\t\t<ol><li><b>Allgemein<\/b><\/li><\/ol><p>Im Folgenden werden die Bedingungen und Konditionen erl\u00e4utert, die den Zugriff auf und die Nutzung der Inhalte dieser Webseite regeln.<\/p><p>Die Allgemeinen Gesch\u00e4ftsbedingungen gelten sowohl f\u00fcr die Nutzung der Website als auch f\u00fcr die Pr\u00e4senz des Inhabers in sozialen Netzwerken und im Internet im Allgemeinen. Bestimmte Dienste oder spezifische Inhalte k\u00f6nnen jedoch f\u00fcr ihren Zugriff und ihre Nutzung die Zustimmung des Benutzers zu diesen besonderen Bedingungen erfordern.<\/p><p>AMAZING BODY JEWELRY beh\u00e4lt sich das Recht vor, diesen Abschnitt (rechtliche Hinweise) zu aktualisieren, zu \u00e4ndern, einzuschr\u00e4nken oder zu erweitern, um ihn an neue Vorschriften oder Anforderungen der Branche anzupassen.<\/p><p>\u00a0<\/p><ol start=\"2\"><li><b>Identifizierung des Inhabers des Webspace<\/b><\/li><\/ol><p>Die Website www.abj99.com (im Folgenden die Website) geh\u00f6rt zu AMAZING BODY JEWELRY, SL (im Folgenden AMAZING BODY JEWELRY), die Inhaberin derselben ist.<br \/>Sitz der Gesellschaft: C.\/ Bonastruc de Porta, 3 17001 Girona.<\/p><p>Telefon: 972 22 74 15 \/ 972 22 31 33<\/p><p>A\/e:\u00a0info@abj99.com<br \/>CIF: B \u2013 55156616<\/p><p>Handelsregisterdaten: Gesellschaft mit beschr\u00e4nkter Haftung, eingetragen im Handelsregister von Girona, Band 102, Seite 207, Blatt GI-1880.<\/p><p>\u00a0<\/p><ol start=\"3\"><li><b>Benutzer: Nutzungsbedingungen der Website<\/b><\/li><\/ol><p>Als Benutzer gilt jede Person, die auf die Inhalte und\/oder Dienstleistungen zugreift, surft oder diese auf der Website zu jedem Zeitpunkt nutzt. Ab sofort wird der Benutzer dieser Website als Benutzer bezeichnet.<\/p><p>Der Benutzer akzeptiert die Allgemeinen Gesch\u00e4ftsbedingungen ohne jegliche Vorbehalte.<\/p><p>Die von der Firma angebotenen Inhalte und Dienstleistungen unterliegen \u00c4nderungen, und daher beh\u00e4lt sich die Firma das Recht vor, diese Allgemeinen Gesch\u00e4ftsbedingungen ohne vorherige Ank\u00fcndigung zu \u00e4ndern, um sie an neue Inhalte anzupassen. Infolgedim, erkennt der Benutzer die Verpflichtung an, die jeweils g\u00fcltigen Allgemeinen Gesch\u00e4ftsbedingungen zu \u00fcberpr\u00fcfen und einzuhalten.<\/p><p>In jedem Fall wird davon ausgegangen, dass der Zugriff auf und die Nutzung der Website und damit die Akzeptanz der Allgemeinen Gesch\u00e4ftsbedingungen, einschlie\u00dflich der Datenschutzrichtlinie und etwaiger anderer spezifischer Bedingungen, die spezifische Abschnitte oder Dienste der Website beinhalten k\u00f6nnen, von Personen \u00fcber 18 Jahren oder im Falle von Minderj\u00e4hrigen unter Vormundschaft erfolgt, das hei\u00dft, sie handeln unter der entsprechenden Aufsicht des Vormunds oder des gesetzlichen Vertreters.<\/p><p>\u00a0<\/p><ol start=\"4\"><li><b>Benutzerregistrierung\/Formulare<\/b><\/li><\/ol><p>Der Zugang zur Website ist frei und kostenlos. Eine Registrierung ist nicht erforderlich, um auf die Inhalte zuzugreifen. Es ist jedoch erforderlich, dass sich der Benutzer registriert, um auf den Kundenbereich zugreifen zu k\u00f6nnen. Dar\u00fcber hinaus kann es erforderlich sein, dass der Benutzer personenbezogene Daten angibt, wenn er freiwillig Dienstleistungen nutzen m\u00f6chte, die dies erfordern. Durch das Ausf\u00fcllen und Absenden eines Formulars auf dieser Website erm\u00e4chtigt der Benutzer AMAZING BODY JEWELRY ausdr\u00fccklich, die angeforderten personenbezogenen Daten zu sammeln, automatisch zu verarbeiten oder sich mit ihm in Verbindung zu setzen, je nach den in jedem Fall angegebenen Zwecken und Bedingungen.<\/p><p>Die vom Benutzer in einem der Abschnitte auf der Website bereitgestellten Daten unterliegen der Datenschutzrichtlinie des Unternehmens.<\/p><p>In jedem Fall, wenn der Benutzer sich f\u00fcr eine Registrierung in einem der Abschnitte oder Dienste der Website entscheidet, verpflichtet er sich, die angeforderten Informationen bereitzustellen, die wahrheitsgem\u00e4\u00df und rechtm\u00e4\u00dfig sein m\u00fcssen. Wenn AMAZING BODY JEWELRY ausreichende Gr\u00fcnde hat, zu vermuten, dass die bereitgestellten Informationen falsch, ungenau, unvollst\u00e4ndig, gesetzeswidrig oder gegen die Moral von Personen versto\u00dfen, hat es das Recht, die Registrierung zu stornieren und den Zugang sowie die Nutzung der Website oder anderer integrierter Medien oder Dienste zu verweigern, sowohl in der Gegenwart als auch in der Zukunft.<\/p><p>Falls das Unternehmen dem Benutzer ein Passwort zur Verf\u00fcgung stellt, das vom Benutzer gew\u00e4hlt wurde oder nicht, ist dieser daf\u00fcr verantwortlich und verpflichtet sich, es ausschlie\u00dflich zu verwenden, es geheim zu halten und die notwendige Sorgfalt walten zu lassen, um es zu sch\u00fctzen und zu verhindern, dass es von Dritten bekannt wird, die seine Identit\u00e4t imitieren k\u00f6nnten.<\/p><p>Falls der Benutzer feststellt, dass sein Passwort unbefugt verwendet wurde oder er davon Kenntnis hat, dass er es verloren hat, verpflichtet er sich, den Vorfall unverz\u00fcglich dem Unternehmen \u00fcber die hierf\u00fcr ausdr\u00fccklich vorgesehenen Links oder an die E-Mail-Adresse\u00a0<a href=\"mailto:info@abj99.com\">info@abj99.com<\/a>\u00a0. Alternativ wird er das Passwort selbst \u00e4ndern.<\/p><p>Der Benutzer kann seine Registrierung jederzeit stornieren, deaktivieren oder k\u00fcndigen, indem er sich mit AMAZING BODY JEWELRY in Verbindung setzt.<\/p><p>In keinem Fall ist das Unternehmen f\u00fcr die Nutzung des Passworts durch nicht autorisierte Dritte oder den Verlust des Passworts durch den Benutzer verantwortlich.<\/p><p>\u00a0<\/p><ol start=\"5\"><li><b>Inhalte und Dienste der Website\u00a0<\/b><\/li><\/ol><p>Der Benutzer erkennt an und akzeptiert alle Informationen, die AMAZING BODY JEWELRY zu rein informativen Zwecken auf seiner Website bereitstellt. Die Informationen wurden aus zuverl\u00e4ssigen Quellen bezogen, aber trotz der Ergreifung vern\u00fcnftiger Ma\u00dfnahmen, um sicherzustellen, dass diese Informationen nicht fehlerhaft oder irref\u00fchrend sind, garantiert AMAZING BODY JEWELRY nicht, dass sie genau, vollst\u00e4ndig oder aktuell sind, und sie sollte nicht als solche betrachtet werden.<\/p><p>Die Informationen auf der Website stellen keine Empfehlung oder Beratung dar, und nichts, was darauf enthalten ist, sollte als Grundlage f\u00fcr Handlungen oder Entscheidungen jeglicher Art verwendet werden.<\/p><p>Auf der Website k\u00f6nnen Informationen oder Inhalte enthalten sein, die von verschiedenen Quellen bereitgestellt wurden, auch von anderen Nutzern der Website. AMAZING BODY JEWELRY garantiert nicht und \u00fcbernimmt keine Verantwortung f\u00fcr die Wahrhaftigkeit, Vollst\u00e4ndigkeit und Genauigkeit der Informationen und\/oder Inhalte, einschlie\u00dflich der F\u00e4lle, in denen diffamierende, beleidigende oder rechtswidrige Elemente vorhanden sind.<\/p><p>\u00a0<\/p><ol start=\"6\"><li><b>Verpflichtung zur korrekten Nutzung der Website, ihrer Inhalte und Dienste<\/b><\/li><\/ol><p>Der Nutzer der Website verpflichtet sich, diese sowie deren Inhalte und Dienste auf eine sorgf\u00e4ltige, korrekte Weise und gem\u00e4\u00df diesen Allgemeinen Gesch\u00e4ftsbedingungen zu nutzen und in jedem Fall die geltenden Gesetze und Vorschriften zu respektieren und einzuhalten.<\/p><p>Die Nutzung und der Zugang zur Website \u00fcber jede Anwendung, Software oder \u00e4hnliches System, das ihre normale Funktion beeintr\u00e4chtigen oder sch\u00e4digen k\u00f6nnte, einschlie\u00dflich der \u00c4nderung, L\u00f6schung oder Blockierung der angebotenen Inhalte und Dienste oder eines anderen Mechanismus, der diese beeintr\u00e4chtigen k\u00f6nnte, ist verboten, insbesondere diejenigen, die Dritten den Zugang zur Website oder zu einem Teil davon verwehren k\u00f6nnten.<\/p><p>Es ist auch verboten, Aktivit\u00e4ten durchzuf\u00fchren, die gegen das Gesetz versto\u00dfen und unzul\u00e4ssige oder sch\u00e4dliche Zwecke oder Auswirkungen auf die Rechte oder Interessen Dritter haben.<\/p><p>Der Zugang zur Website \u00fcber Programme oder andere Computersysteme, die freiwillig oder unfreiwillig zu einer \u00dcberlastung der Ressourcen f\u00fchren k\u00f6nnten, die das Unternehmen zur Aufrechterhaltung der Website \u00f6ffentlich zug\u00e4nglich verwendet, und\/oder die einen unbefugten Zugriff auf Bereiche der Website erm\u00f6glichen, die nicht allgemein zug\u00e4nglich sind, oder auf das Computersystem, auf dem sie gehostet wird, ist ebenfalls verboten; sodass sie Viren oder andere schadhafte Programme oder Skripte einf\u00fchren k\u00f6nnten, die Fehler im genannten Computersystem oder im Betrieb der Website verursachen.<\/p><p>In jedem Fall verpflichtet sich der Nutzer, die Inhalte und Dienste der Website angemessen zu nutzen, insbesondere in Bezug auf jeden Abschnitt, in dem ihm die Teilnahme gestattet ist, wobei auch die Grunds\u00e4tze von Treu und Glauben sowie der Respekt gegen\u00fcber anderen Nutzern, dem Unternehmen und Dritten gelten.<\/p><p>\u00a0<\/p><ol start=\"7\"><li><b>Ausschluss von Garantien und Haftungen<\/b><\/li><\/ol><p>AMAZING BODY JEWELRY verpflichtet sich, alles M\u00f6gliche zu tun, um die Website unter optimalen Nutzungsbedingungen funktionsf\u00e4hig zu halten und Server-, Programmier- sowie Inhalts- und Servicefehler zu vermeiden. Das Unternehmen \u00fcbernimmt jedoch keine Verantwortung f\u00fcr eventuelle Fehler, die auftreten oder erscheinen k\u00f6nnten und garantiert daher nicht die vollst\u00e4ndige Funktionalit\u00e4t oder die Inhalte und\/oder Dienste, die die Website anbietet.<\/p><p>Diese Website wird regelm\u00e4\u00dfig \u00fcberpr\u00fcft und genehmigt, um sicherzustellen, dass sie 365 Tage im Jahr, 24 Stunden am Tag, korrekt funktioniert. Andererseits kann nicht ausgeschlossen werden, dass bestimmte Programmierfehler auftreten oder h\u00f6here Gewalt, Naturkatastrophen, Streiks oder \u00e4hnliche Umst\u00e4nde eintreten, die den Zugang zur Website unm\u00f6glich machen.<\/p><p>Ungeachtet des Vorstehenden garantiert das Unternehmen, dass die Website freiwillig keine sch\u00e4dliche Software (Malware), Viren und andere schadhafte Skripte oder Programme integrieren wird, und verpflichtet sich, in der Datenschutzrichtlinie \u00fcber die Verwendung von Anwendungen und anderen Programmen, Skripten usw. zu informieren, die Benutzerdaten sammeln, die einer sp\u00e4teren Verarbeitung unterzogen werden k\u00f6nnen.<\/p><p>AMAZING BODY JEWELRY \u00fcbernimmt keine Verantwortung f\u00fcr jegliche Haftung, die sich aus den auf dieser Website ver\u00f6ffentlichten Informationen ergibt, solange diese Informationen von einem externen Dritten manipuliert oder eingef\u00fcgt wurden.<\/p><p>Der Benutzer wird auch dar\u00fcber informiert, dass verschiedene Inhalte und\/oder Dienstleistungen auf der Website von Drittanbietern bereitgestellt werden k\u00f6nnen und dass der Benutzer daher auch deren Gesch\u00e4ftsbedingungen akzeptieren muss, um auf diese zuzugreifen oder sie zu nutzen. In jedem Fall entbindet der Benutzer den Eigent\u00fcmer der Website von jeglicher Haftung in Bezug auf alle Angelegenheiten, die mit Inhalten und\/oder Dienstleistungen von Drittanbietern zu tun haben, die ausdr\u00fccklich als solche identifiziert werden (z. B. Disqus-Kommentare, Validierung \u00fcber Twitter und Facebook, etc.).<\/p><p>Das Unternehmen kann \u00c4u\u00dferungen, Ver\u00f6ffentlichungen und andere Informationen oder grafische oder audiovisuelle Materialien von Dritten zitieren, anzeigen und darauf verweisen, \u00fcbernimmt jedoch keine Verantwortung f\u00fcr die Wahrhaftigkeit, Genauigkeit, Meinung oder Qualit\u00e4t dieser.<\/p><p>\u00a0<\/p><ol start=\"8\"><li><b>Geistiges und gewerbliches Eigentum<\/b><\/li><\/ol><p>Alle Rechte an geistigem und gewerblichem Eigentum der Inhalte auf der Website unterliegen den geltenden Gesetzen zum geistigen und\/oder gewerblichen Eigentum. Die Rechte an den Inhalten geh\u00f6ren AMAZING BODY JEWELRY oder gegebenenfalls Dritten. Der Benutzer darf die Inhalte nur ansehen oder eine private Kopie der Inhalte anfertigen, wobei diese Kopie ausschlie\u00dflich f\u00fcr den pers\u00f6nlichen und privaten Gebrauch bestimmt ist. Die Nutzung der Inhalte zu kommerziellen Zwecken, einschlie\u00dflich Bilder und Videos, Texte, Designs, Anwendungen, Programme, Codes usw., ist ausdr\u00fccklich verboten und geh\u00f6rt AMAZING BODY JEWELRY oder wird von diesem mit ausdr\u00fccklicher Genehmigung des Eigent\u00fcmers auf dieser Website genutzt.<\/p><p>Unbeschadet des Vorstehenden k\u00f6nnen verschiedene Inhalte oder Dienstleistungen der Website spezifische Nutzungsbedingungen angeben, die mehr oder weniger restriktiv sind und die Vorrang vor dem betreffenden Inhalt oder Dienst haben.<\/p><p>Das Unternehmen autorisiert nur die Bezugnahme auf die Inhalte, die auf der Website erscheinen, auf anderen Websites oder in anderen Mitteilungen, vorausgesetzt, dass diese Websites oder Mitteilungen das Prinzip des guten Glaubens und Respekts aufrechterhalten und vollst\u00e4ndig mit der geltenden Gesetzgebung sowie den \u00fcbrigen Gesch\u00e4ftsbedingungen \u00fcbereinstimmen, insbesondere in Bezug auf das Verbot der Reproduktion oder der Inhalte, die auf der Website angezeigt werden, f\u00fcr Zwecke, die nicht in diesen Gesch\u00e4ftsbedingungen erlaubt sind, ohne die ausdr\u00fcckliche vorherige schriftliche Genehmigung von AMAZING BODY JEWELRY.<\/p><p>\u00a0<\/p><ol start=\"9\"><li><b>Links zu Websites oder Inhalten Dritter<\/b><\/li><\/ol><p>Von der Website aus ist es m\u00f6glich, auf Inhalte von Drittwebsites weitergeleitet zu werden. Da wir die von Dritten bereitgestellten Inhalte nicht immer kontrollieren k\u00f6nnen, \u00fcbernimmt AMAZING BODY JEWELRY keine Verantwortung f\u00fcr diese Inhalte. In jedem Fall erkl\u00e4ren wir, dass wir sofort Inhalte entfernen werden, die gegen nationale oder internationale Gesetze, die Moral oder die \u00f6ffentliche Ordnung versto\u00dfen, und wir werden die Weiterleitung zu diesen Websites sofort entfernen und die zust\u00e4ndigen Beh\u00f6rden \u00fcber den betreffenden Inhalt informieren.<\/p><p>Diese Links dienen nur zu Informationszwecken f\u00fcr den Benutzer, und dieser ist frei, ihnen nach eigenem Ermessen zu folgen.<\/p><p>Unter keinen Umst\u00e4nden darf angenommen werden, dass AMAZING BODY JEWELRY eine Genehmigung, Meinung oder eine andere Aussage in Bezug auf alles, was in den genannten Links au\u00dferhalb des Webseitenbereichs zu finden ist, \u00e4u\u00dfert.<\/p><p>\u00a0<\/p><ol start=\"10\"><li><b>Informationen zu Cookies\u00a0<\/b><\/li><\/ol><p>Konsultieren Sie unsere\u00a0<a href=\"https:\/\/www.abj99.com\/de\/politica-de-cookies\/\">Cookie-Richtlinie<\/a>.<\/p><p>\u00a0<\/p><ol start=\"11\"><li><b>Datenschutz<\/b><\/li><\/ol><p>AMAZING BODY JEWELRY ist tief verpflichtet, die Datenschutzbestimmungen einzuhalten und garantiert die vollst\u00e4ndige Erf\u00fcllung der festgelegten Verpflichtungen sowie die Umsetzung der im europ\u00e4ischen Datenschutzgesetz und der spanischen Gesetzgebung vorgesehenen Ma\u00dfnahmen. Weitere Informationen finden Sie in der\u00a0<a href=\"https:\/\/www.abj99.com\/de\/politica-de-privadesa\/\">Datenschutzrichtlinie<\/a>.<\/p><p>\u00a0<\/p><ol start=\"12\"><li><b>Soziale Netzwerke<\/b><\/li><\/ol><p>Wir informieren Sie, dass AMAZING BODY JEWELRY auf sozialen Netzwerken pr\u00e4sent ist. Die Verarbeitung der Daten von Personen, die uns in den sozialen Netzwerken folgen (und\/oder eine Verbindung oder Aktion \u00fcber soziale Netzwerke durchf\u00fchren) auf unseren offiziellen Seiten, wird durch diesen Abschnitt sowie die Nutzungsbedingungen, Datenschutzrichtlinien und Zugangsvorschriften der jeweiligen Netzwerke geregelt, die vom Benutzer zuvor akzeptiert wurden.<\/p><p>AMAZING BODY JEWELRY wird Ihre Daten bearbeiten, um Ihre Pr\u00e4senz im sozialen Netzwerk korrekt zu verwalten, Sie \u00fcber Aktivit\u00e4ten, Veranstaltungen, Produkte, Vorschriften oder Dienstleistungen zu informieren sowie f\u00fcr alle anderen Zwecke, die das Gesetz uns erlaubt.<\/p><p>Die Ver\u00f6ffentlichung von Inhalten ist untersagt:<\/p><ul><li>Die nach nationalen, gemeinschaftlichen oder internationalen Vorschriften vermutlich illegal sind oder Aktivit\u00e4ten durchf\u00fchren, die vermutlich illegal sind oder die Grunds\u00e4tze des guten Glaubens widersprechen.<\/li><li>Die die Grundrechte der Menschen verletzen, unh\u00f6flich im Netzwerk sind, st\u00f6ren oder negative Meinungen bei unseren Nutzern oder Dritten hervorrufen k\u00f6nnten und im Allgemeinen Inhalte, die als unangemessen betrachtet werden.<\/li><li>Und im Allgemeinen, die den Grunds\u00e4tzen der Legalit\u00e4t, Ehrlichkeit, Verantwortung, des Schutzes der menschlichen W\u00fcrde, des Schutzes von Minderj\u00e4hrigen, des Schutzes der \u00f6ffentlichen Ordnung, des Schutzes der Privatsph\u00e4re, des Verbraucherschutzes und der Rechte des geistigen und gewerblichen Eigentums widersprechen.<\/li><\/ul><p>Ebenso beh\u00e4lt sich AMAZING BODY JEWELRY das Recht vor, ohne vorherige Ank\u00fcndigung Inhalte von der Website oder dem sozialen Netzwerk, das ihr geh\u00f6rt, zu entfernen, die sie als unangemessen erachtet.<\/p><p>\u00a0<\/p><ol start=\"13\"><li><b>Anwendbares Recht und Gerichtsbarkeit<\/b><\/li><\/ol><p>Alle Fragen bez\u00fcglich der Auslegung, der Erf\u00fcllung und der G\u00fcltigkeit der Allgemeinen Gesch\u00e4ftsbedingungen, die zwischen dem Nutzer und AMAZING BODY JEWELRY entstehen k\u00f6nnen, werden zun\u00e4chst gem\u00e4\u00df diesen Gesch\u00e4ftsbedingungen und dann nach katalanischen Vorschriften sowie subsidi\u00e4r nach spanischen Vorschriften behandelt, die jederzeit anwendbar sind.<\/p><p>Im Falle eines Konflikts zwischen dem Benutzer und dem Unternehmen, der sich aus den Allgemeinen Gesch\u00e4ftsbedingungen ergibt und\/oder mit diesen in Verbindung steht, vereinbaren die Parteien ausdr\u00fccklich, diesen den zust\u00e4ndigen Gerichten der Stadt Girona vorzulegen.<\/p>\t\t\t\t\t\t\t\t<\/div>\n\t\t\t\t<\/div>\n\t\t\t\t\t<\/div>\n\t\t\t\t<\/div>\n\t\t\t\t\t<\/div>\n\t\t\t\t<\/div>\n\t\t\t\t<\/div>","protected":false},"excerpt":{"rendered":"<p>Av\u00eds legal General\u200b\u200b A continuaci\u00f3 detallem els termes i les condicions que regulen l\u2019acc\u00e9s i \u00fas dels continguts d\u2019aquesta plana web. Els termes i les condicions s\u00f3n de car\u00e0cter general i regulen tant l\u2019\u00fas de la web com la pres\u00e8ncia del titular a les xarxes socials i a internet en general. No obstant aix\u00f2, algun [&hellip;]<\/p>\n","protected":false},"author":1,"featured_media":0,"parent":0,"menu_order":0,"comment_status":"closed","ping_status":"closed","template":"","meta":{"footnotes":""},"class_list":["post-51","page","type-page","status-publish","hentry"],"_links":{"self":[{"href":"https:\/\/www.abj99.com\/de\/wp-json\/wp\/v2\/pages\/51","targetHints":{"allow":["GET"]}}],"collection":[{"href":"https:\/\/www.abj99.com\/de\/wp-json\/wp\/v2\/pages"}],"about":[{"href":"https:\/\/www.abj99.com\/de\/wp-json\/wp\/v2\/types\/page"}],"author":[{"embeddable":true,"href":"https:\/\/www.abj99.com\/de\/wp-json\/wp\/v2\/users\/1"}],"replies":[{"embeddable":true,"href":"https:\/\/www.abj99.com\/de\/wp-json\/wp\/v2\/comments?post=51"}],"version-history":[{"count":4,"href":"https:\/\/www.abj99.com\/de\/wp-json\/wp\/v2\/pages\/51\/revisions"}],"predecessor-version":[{"id":500,"href":"https:\/\/www.abj99.com\/de\/wp-json\/wp\/v2\/pages\/51\/revisions\/500"}],"wp:attachment":[{"href":"https:\/\/www.abj99.com\/de\/wp-json\/wp\/v2\/media?parent=51"}],"curies":[{"name":"wp","href":"https:\/\/api.w.org\/{rel}","templated":true}]}}